{"id":95,"date":"2014-07-22T17:44:07","date_gmt":"2014-07-22T14:44:07","guid":{"rendered":"http:\/\/www.diter.com\/diter2014\/?page_id=95"},"modified":"2026-03-12T14:37:55","modified_gmt":"2026-03-12T12:37:55","slug":"lymfa","status":"publish","type":"page","link":"https:\/\/diter.com\/en\/laitteet\/kotimaiset_laitteet\/kauneudenhoito\/lymfa\/","title":{"rendered":"Lymph"},"content":{"rendered":"<div id=\"pl-95\"  class=\"panel-layout\" ><div id=\"pg-95-0\"  class=\"panel-grid panel-no-style\" ><div id=\"pgc-95-0-0\"  class=\"panel-grid-cell\" ><div id=\"panel-95-0-0-0\" class=\"so-panel widget widget_black-studio-tinymce widget_black_studio_tinymce panel-first-child panel-last-child\" data-index=\"0\" ><h3 class=\"widget-title\">Ditelle Vac <\/h3><div class=\"textwidget\"><p><img loading=\"lazy\" decoding=\"async\" class=\"size-medium wp-image-1625 alignnone\" src=\"https:\/\/diter.com\/wp-content\/uploads\/2014\/07\/Ditelle-Vac-300x180-300x180.jpg\" alt=\"ditelle-vac-300x180\" width=\"300\" height=\"180\" \/><\/p>\n<p>Ditelle Vac - Vacuum unit for electrode therapy and lymph treatments<\/p>\n<p><img loading=\"lazy\" decoding=\"async\" class=\"size-medium wp-image-1626 alignnone\" src=\"https:\/\/diter.com\/wp-content\/uploads\/2014\/07\/VAC-hoitop\u00e4\u00e4t-300x180.jpg\" alt=\"vac-hoitopaat\" width=\"300\" height=\"180\" \/><\/p>\n<p><strong>FEATURES<\/strong><br \/>\n\u2022 Continuous\/intermittent suction<br \/>\n\u2022 3 different treatment heads<br \/>\n\u2022 13 different vacuum settings<br \/>\n\u2022 Treatment time setting<br \/>\n\u2022 Can be treated with 1-4 vacuum electrodes<br \/>\n\u2022 Can be connected to Ditelle or D-line electrotherapy device<\/p>\n<p><img loading=\"lazy\" decoding=\"async\" class=\"alignnone size-medium wp-image-2943\" src=\"https:\/\/diter.com\/wp-content\/uploads\/2018\/06\/DSCF7620E-300x200.jpg\" alt=\"\" width=\"300\" height=\"200\" srcset=\"https:\/\/diter.com\/wp-content\/uploads\/2018\/06\/DSCF7620E-300x200.jpg 300w, https:\/\/diter.com\/wp-content\/uploads\/2018\/06\/DSCF7620E-600x400.jpg 600w, https:\/\/diter.com\/wp-content\/uploads\/2018\/06\/DSCF7620E-768x512.jpg 768w, https:\/\/diter.com\/wp-content\/uploads\/2018\/06\/DSCF7620E-1024x683.jpg 1024w\" sizes=\"auto, (max-width: 300px) 100vw, 300px\" \/><br \/>\n<img loading=\"lazy\" decoding=\"async\" class=\"alignnone size-medium wp-image-2938\" src=\"https:\/\/diter.com\/wp-content\/uploads\/2018\/06\/DSCF7621E-300x200.jpg\" alt=\"\" width=\"300\" height=\"200\" srcset=\"https:\/\/diter.com\/wp-content\/uploads\/2018\/06\/DSCF7621E-300x200.jpg 300w, https:\/\/diter.com\/wp-content\/uploads\/2018\/06\/DSCF7621E-600x400.jpg 600w, https:\/\/diter.com\/wp-content\/uploads\/2018\/06\/DSCF7621E-768x512.jpg 768w, https:\/\/diter.com\/wp-content\/uploads\/2018\/06\/DSCF7621E-1024x683.jpg 1024w\" sizes=\"auto, (max-width: 300px) 100vw, 300px\" \/><\/p>\n<p>&nbsp;<\/p>\n<hr \/>\n<\/div><\/div><\/div><\/div><\/div>","protected":false},"excerpt":{"rendered":"<p>Ditelle Vac\u2013 Elektroditerapia- ja lymfahoitojen alipaineyksikk\u00f6 TOIMINNOT \u2022 Jatkuva\/jaksottainen imu \u2022 3 erilaista hoitop\u00e4\u00e4t\u00e4 \u2022 13 erilaista alipaineasetusta \u2022 Hoitoajan asetus \u2022 Voidaan hoitaa 1-4 imuelektrodilla \u2022 Voidaan yhdist\u00e4\u00e4 Ditelle tai D-line s\u00e4hk\u00f6hoitolaitteeseen &nbsp;<\/p>","protected":false},"author":2,"featured_media":0,"parent":70,"menu_order":6,"comment_status":"closed","ping_status":"closed","template":"page-fullwidth.php","meta":{"footnotes":""},"class_list":["post-95","page","type-page","status-publish","hentry"],"_links":{"self":[{"href":"https:\/\/diter.com\/en\/wp-json\/wp\/v2\/pages\/95","targetHints":{"allow":["GET"]}}],"collection":[{"href":"https:\/\/diter.com\/en\/wp-json\/wp\/v2\/pages"}],"about":[{"href":"https:\/\/diter.com\/en\/wp-json\/wp\/v2\/types\/page"}],"author":[{"embeddable":true,"href":"https:\/\/diter.com\/en\/wp-json\/wp\/v2\/users\/2"}],"replies":[{"embeddable":true,"href":"https:\/\/diter.com\/en\/wp-json\/wp\/v2\/comments?post=95"}],"version-history":[{"count":38,"href":"https:\/\/diter.com\/en\/wp-json\/wp\/v2\/pages\/95\/revisions"}],"predecessor-version":[{"id":6568,"href":"https:\/\/diter.com\/en\/wp-json\/wp\/v2\/pages\/95\/revisions\/6568"}],"up":[{"embeddable":true,"href":"https:\/\/diter.com\/en\/wp-json\/wp\/v2\/pages\/70"}],"wp:attachment":[{"href":"https:\/\/diter.com\/en\/wp-json\/wp\/v2\/media?parent=95"}],"curies":[{"name":"wp","href":"https:\/\/api.w.org\/{rel}","templated":true}]}}