{"id":90,"date":"2014-07-22T17:43:57","date_gmt":"2014-07-22T14:43:57","guid":{"rendered":"http:\/\/www.diter.com\/diter2014\/?page_id=90"},"modified":"2024-01-18T13:48:42","modified_gmt":"2024-01-18T11:48:42","slug":"radiofrekvenssi","status":"publish","type":"page","link":"https:\/\/diter.com\/en\/laitteet\/kotimaiset_laitteet\/kauneudenhoito\/radiofrekvenssi\/","title":{"rendered":"Radio frequency"},"content":{"rendered":"<div id=\"pl-90\"  class=\"panel-layout\" ><div id=\"pg-90-0\"  class=\"panel-grid panel-no-style\" ><div id=\"pgc-90-0-0\"  class=\"panel-grid-cell\" ><div id=\"panel-90-0-0-0\" class=\"so-panel widget widget_black-studio-tinymce widget_black_studio_tinymce panel-first-child panel-last-child\" data-index=\"0\" ><h3 class=\"widget-title\">Ditelle UltRadio<\/h3><div class=\"textwidget\"><div class=\"product-short-description\">\n<p><strong><img loading=\"lazy\" decoding=\"async\" class=\"wp-image-6303 size-medium alignleft\" src=\"https:\/\/diter.com\/wp-content\/uploads\/2024\/01\/UltRadio-kuva-274x300.jpg\" alt=\"\" width=\"274\" height=\"300\" srcset=\"https:\/\/diter.com\/wp-content\/uploads\/2024\/01\/UltRadio-kuva-274x300.jpg 274w, https:\/\/diter.com\/wp-content\/uploads\/2024\/01\/UltRadio-kuva-936x1024.jpg 936w, https:\/\/diter.com\/wp-content\/uploads\/2024\/01\/UltRadio-kuva-768x841.jpg 768w, https:\/\/diter.com\/wp-content\/uploads\/2024\/01\/UltRadio-kuva-1403x1536.jpg 1403w, https:\/\/diter.com\/wp-content\/uploads\/2024\/01\/UltRadio-kuva-11x12.jpg 11w, https:\/\/diter.com\/wp-content\/uploads\/2024\/01\/UltRadio-kuva.jpg 1512w\" sizes=\"auto, (max-width: 274px) 100vw, 274px\" \/><\/strong><\/div>\n<div class=\"is-divider divider clearfix\">\n<p><strong>Hoitava ultra\u00e4\u00e4ni ja radiofrekvenssi<br \/>\n\u2013 Nyt kaksi suosituinta hoitomuotoamme nyt samassa laitteessa.<\/strong><\/p>\n<p><strong>Ult<\/strong>ran ja <strong>Radio<\/strong>frekvenssin teho pieness\u00e4 paketissa.<\/p>\n<p>Ditelle UltRadio-hoidoissa ultra\u00e4\u00e4ni tai radiotaajuudella toteutettu s\u00e4hk\u00f6virtaenergia voidaan vied\u00e4 turvallisesti haluttuun syvyyteen.<br \/>\nHoitoliikkeet tuntuvat lempe\u00e4lt\u00e4 hieronnalta iholla, joten asiakkaana voit rentoutua ja nauttia hoidosta.<br \/>\nDitelle-laitteet on suunniteltu, valmistettu ja testattu Suomessa.<\/p><\/div>\n<p><div class=\"su-spoiler su-spoiler-style-default su-spoiler-icon-plus su-spoiler-closed\" data-scroll-offset=\"0\" data-anchor-in-url=\"no\"><div class=\"su-spoiler-title\" tabindex=\"0\" role=\"button\"><span class=\"su-spoiler-icon\"><\/span><strong>Palkittu 3-taajuusteknologia<\/strong>... <em>(read more)<\/em><\/div><div class=\"su-spoiler-content su-u-clearfix su-u-trim\"><br \/>\nKosteuttava ultra\u00e4\u00e4nihoito palauttaa ihollesi luonnollisen terveen hehkun ja antaa sille elinvoimaa.<br \/>\nSamassa hoitop\u00e4\u00e4ss\u00e4 on valittavissa kolme taajuutta (3 MHz, 2 MHz ja 0.9MHz) hoitoalueen mukaan.<br \/>\nHoitava ultra\u00e4\u00e4ni rauhoittaa, hellii ja tasapainottaa tulehtunutta sek\u00e4 rasittunutta ihoa.<br \/>\nHoito v\u00e4hent\u00e4\u00e4 ihon punaisuutta n\u00e4kyv\u00e4sti jo yhdell\u00e4 hoitokerralla.<\/div><\/div><\/p>\n<p><img loading=\"lazy\" decoding=\"async\" class=\"alignnone wp-image-4452 size-medium\" src=\"https:\/\/diter.com\/wp-content\/uploads\/2020\/02\/DSCF7321E-300x180.jpg\" alt=\"\" width=\"300\" height=\"180\" \/><\/p>\n<p><div class=\"su-spoiler su-spoiler-style-default su-spoiler-icon-plus su-spoiler-closed\" data-scroll-offset=\"0\" data-anchor-in-url=\"no\"><div class=\"su-spoiler-title\" tabindex=\"0\" role=\"button\"><span class=\"su-spoiler-icon\"><\/span><strong>Suosittelemme Ditelle-radiofrekvenssi\u00e4 <\/strong>Anti-Age-hoitoihin ik\u00e4\u00e4ntymisen merkkej\u00e4 vastaan... <em>(read more)<\/em><\/div><div class=\"su-spoiler-content su-u-clearfix su-u-trim\"><br \/>\nRadiofrekvenssihoidon teho perustuu s\u00e4hk\u00f6energiaan, joka nostaa ihonalaisen kudoksen l\u00e4mp\u00f6tilan tasaisesti aina noin 38-42 asteeseen saakka.<br \/>\nHoito on kivuton ja eritt\u00e4in miellytt\u00e4v\u00e4n tuntuinen.<br \/>\nKoska taajuus keskittyy hoitoalueeseen tehokkaasti, saadaan hyvi\u00e4 tuloksia jo ensimm\u00e4isell\u00e4 k\u00e4sittelykerralla.<br \/>\nL\u00e4mp\u00f6 vaikuttaa olemessa olemaan kollageeniin ja edist\u00e4\u00e4 hoitoalueen verenkiertoa sek\u00e4 parantaa siten happiaineenvaihduntaa.<br \/>\nNeulaton radiofrekvenssi stimuloi my\u00f6s uuden kollageenin muodostumista, ihon s\u00e4vy kirkastuu ja kimmoisuus paranee.<\/div><\/div><\/p>\n<p><strong>RADIOTAAJUUSHOIDON VAIKUTUKSET JA EDUT<\/strong><\/p>\n<p class=\"translation-block\">- The result is smooth and more beautiful skin<br>\n- The risk of burns can be avoided almost completely<br>\n- Efficient and easy to use<br>\n- The interval between treatments can be shorter<br>\n- Fewer contraindications<br>\n- More cost efficient<\/p>\n<div class=\"entry-content clearfix\">\n<p><strong>RF hoidoissa k\u00e4ytet\u00e4\u00e4n kahta erillist\u00e4 hoitop\u00e4\u00e4t\u00e4 kasvoille ja vartalolle.<\/strong><\/p>\n<p><img loading=\"lazy\" decoding=\"async\" class=\"size-medium wp-image-1418 alignnone\" src=\"https:\/\/diter.com\/wp-content\/uploads\/2014\/07\/Radiofekvenssi-300x180.jpg\" alt=\"radiofekvenssi\" width=\"300\" height=\"180\" \/><\/p>\n<p><img loading=\"lazy\" decoding=\"async\" class=\"alignnone size-medium wp-image-1662\" src=\"https:\/\/diter.com\/wp-content\/uploads\/2014\/07\/RF-hoito-300x200.jpg\" alt=\"\" width=\"300\" height=\"200\" \/><\/p>\n<h5>Read more:<\/h5>\n<p>Take a look at the before and after pictures of treatments performed with the treatment device in the <a href=\"https:\/\/diter.kuvat.fi\/kuvat\/kosmetologit\/Ennen+ja+j%C3%A4lkeen+kuvia\/\">MEDIA BANK<\/a> You can easily find the price and other additional information in our online store <strong>diter.fi.<\/strong><\/p>\n<p><a href=\"https:\/\/shop.diter.com\/\">DITER SHOP &gt;&gt;<\/a><\/div>\n<\/div><\/div><\/div><div id=\"pgc-90-0-1\"  class=\"panel-grid-cell\" ><div id=\"panel-90-0-1-0\" class=\"so-panel widget widget_black-studio-tinymce widget_black_studio_tinymce panel-first-child panel-last-child\" data-index=\"1\" ><h3 class=\"widget-title\">Ditelle CRF<\/h3><div class=\"textwidget\"><p><img loading=\"lazy\" decoding=\"async\" class=\"alignnone wp-image-1663\" src=\"https:\/\/diter.com\/wp-content\/uploads\/2014\/07\/Ditelle-CRF-300x200.jpg\" alt=\"Ditelle CRF - kavitaatio ja radiotaajuushoitolaite\" width=\"270\" height=\"180\" \/><\/p>\n<p>The Ditelle CRF device is mainly designed for body treatments, but with the handy RF treatment head, you can also perform effective face firming treatments.<\/p>\n<p><strong>Cavitation<\/strong><br \/>\nCavitation ultrasound frequencies: 500 kHz and 30 kHz<\/p>\n<p><strong>Radio frequency:<\/strong><br \/>\nPulsed 1 MHz RF frequency<\/p>\n<p><strong><br \/>\n<\/strong><div class=\"su-spoiler su-spoiler-style-default su-spoiler-icon-plus su-spoiler-closed\" data-scroll-offset=\"0\" data-anchor-in-url=\"no\"><div class=\"su-spoiler-title\" tabindex=\"0\" role=\"button\"><span class=\"su-spoiler-icon\"><\/span>BRIGHTENING AND ELASTICITY WITH RADIO FREQUENCY TREATMENT... <em>(read more)<\/em><\/div><div class=\"su-spoiler-content su-u-clearfix su-u-trim\"><br \/>\nThe power of the Ditelle CRF treatment device is based on energy that heats the subcutaneous tissues, increasing e.g. elasticity in the skin. Needle-free radiofrequency treatment increases the permeability of cell membranes and enzyme activity is activated. When the temperature of the skin is raised to around 40 degrees, blood circulation improves and waste materials are better removed from the tissues. The device has its own treatment heads for face and body treatments.<\/div><\/div><\/p>\n<p><strong>\u00a0<\/strong><\/p>\n<p><div class=\"su-spoiler su-spoiler-style-default su-spoiler-icon-plus su-spoiler-closed\" data-scroll-offset=\"0\" data-anchor-in-url=\"no\"><div class=\"su-spoiler-title\" tabindex=\"0\" role=\"button\"><span class=\"su-spoiler-icon\"><\/span>TREATMENT OF FAT ACCUMULATION IN PROBLEM SPOTS...<em>(read more)<\/em><\/div><div class=\"su-spoiler-content su-u-clearfix su-u-trim\"><br \/>\nBy combining cavitation ultrasound and radio frequency, very effective results are obtained in cellulite treatments.<\/p>\n<p>\u2022\u00a0 Ultrasound cavitation is a painless and non-invasive treatment<br \/>\n\u2022  Treatment is carried out by treatment area<br \/>\n\u2022\u00a0 The treatment is targeted at hard-to-reach fat cells located in the fat layer<br \/>\nor impossible to influence with exercise.<br \/>\n\u2022\u00a0 The amount of fat can be reduced from fat cells, because with the right frequency, the fat in the cells can be changed into a more liquid form.<br \/>\n\u2022\u00a0 The treatment reduces cellulite and helps you lose weight.<br \/>\n\u2022\u00a0 The radio frequency heats the subcutaneous fat tissue to approx. 40 degrees and helps the fat released from the fat cells to leave the body through the lymphatic circulation.<br \/>\n\u2022 With proper exercise and diet, long-term results can be achieved with the treatment. <\/div><\/div><\/p>\n<h5>Read more:<\/h5>\n<p>Take a look at the before and after pictures of treatments performed with the treatment device in the <a href=\"https:\/\/diter.kuvat.fi\/kuvat\/kosmetologit\/Ennen+ja+j%C3%A4lkeen+kuvia\/\">MEDIA BANK<\/a> You can easily find the price and other additional information in our online store <strong>diter.fi.<\/strong><\/p>\n<p><a href=\"https:\/\/shop.diter.com\">DITER SHOP &gt;&gt;<\/a><\/p>\n<hr \/>\n<p style=\"color: #0d0d0d;\">\n<\/div><\/div><\/div><\/div><div id=\"pg-90-1\"  class=\"panel-grid panel-no-style\" ><div id=\"pgc-90-1-0\"  class=\"panel-grid-cell\" ><div id=\"panel-90-1-0-0\" class=\"so-panel widget widget_origin_button panel-first-child panel-last-child\" data-index=\"2\" ><div class=\"origin-widget origin-widget-button origin-widget-button-simple-white align-center\"><a href=\"https:\/\/diter.com\/en\/laitteet\/kotimaiset_laitteet\/kauneudenhoito\/\" \n>\n\tDitelle devices<\/a>\n<\/div><\/div><\/div><div id=\"pgc-90-1-1\"  class=\"panel-grid-cell\" ><div id=\"panel-90-1-1-0\" class=\"so-panel widget widget_origin_button panel-first-child panel-last-child\" data-index=\"3\" ><div class=\"origin-widget origin-widget-button origin-widget-button-simple-white align-center\"><a href=\"https:\/\/diter.kuvat.fi\/kuvat\/laitteet\/ditelle+laite-esitteet\/\" \ntarget=\"_blank\" rel=\"noopener noreferrer\">\n\tBrochures<\/a>\n<\/div><\/div><\/div><div id=\"pgc-90-1-2\"  class=\"panel-grid-cell\" ><div id=\"panel-90-1-2-0\" class=\"so-panel widget widget_origin_button panel-first-child panel-last-child\" data-index=\"4\" ><div class=\"origin-widget origin-widget-button origin-widget-button-simple-white align-center\"><a href=\"https:\/\/diter.com\/en\/laitteet\/muut_laitteet\/\" \ntarget=\"_blank\" rel=\"noopener noreferrer\">\n\tOther beauty devices<\/a>\n<\/div><\/div><\/div><\/div><\/div>","protected":false},"excerpt":{"rendered":"<p>Hoitava ultra\u00e4\u00e4ni ja radiofrekvenssi \u2013 Nyt kaksi suosituinta hoitomuotoamme nyt samassa laitteessa. Ultran ja Radiofrekvenssin teho pieness\u00e4 paketissa. Ditelle UltRadio-hoidoissa ultra\u00e4\u00e4ni tai radiotaajuudella toteutettu s\u00e4hk\u00f6virtaenergia voidaan vied\u00e4 turvallisesti haluttuun syvyyteen. Hoitoliikkeet tuntuvat lempe\u00e4lt\u00e4 hieronnalta iholla, joten asiakkaana voit rentoutua ja &hellip; <a href=\"https:\/\/diter.com\/en\/laitteet\/kotimaiset_laitteet\/kauneudenhoito\/radiofrekvenssi\/\">Continued<\/a><\/p>","protected":false},"author":2,"featured_media":0,"parent":70,"menu_order":5,"comment_status":"closed","ping_status":"closed","template":"page-fullwidth.php","meta":{"footnotes":""},"class_list":["post-90","page","type-page","status-publish","hentry"],"_links":{"self":[{"href":"https:\/\/diter.com\/en\/wp-json\/wp\/v2\/pages\/90","targetHints":{"allow":["GET"]}}],"collection":[{"href":"https:\/\/diter.com\/en\/wp-json\/wp\/v2\/pages"}],"about":[{"href":"https:\/\/diter.com\/en\/wp-json\/wp\/v2\/types\/page"}],"author":[{"embeddable":true,"href":"https:\/\/diter.com\/en\/wp-json\/wp\/v2\/users\/2"}],"replies":[{"embeddable":true,"href":"https:\/\/diter.com\/en\/wp-json\/wp\/v2\/comments?post=90"}],"version-history":[{"count":37,"href":"https:\/\/diter.com\/en\/wp-json\/wp\/v2\/pages\/90\/revisions"}],"predecessor-version":[{"id":6313,"href":"https:\/\/diter.com\/en\/wp-json\/wp\/v2\/pages\/90\/revisions\/6313"}],"up":[{"embeddable":true,"href":"https:\/\/diter.com\/en\/wp-json\/wp\/v2\/pages\/70"}],"wp:attachment":[{"href":"https:\/\/diter.com\/en\/wp-json\/wp\/v2\/media?parent=90"}],"curies":[{"name":"wp","href":"https:\/\/api.w.org\/{rel}","templated":true}]}}