{"id":71,"date":"2014-07-22T16:58:55","date_gmt":"2014-07-22T13:58:55","guid":{"rendered":"http:\/\/www.diter.com\/diter2014\/?page_id=71"},"modified":"2025-10-13T12:40:10","modified_gmt":"2025-10-13T09:40:10","slug":"isokineettinen","status":"publish","type":"page","link":"https:\/\/diter.com\/en\/laitteet\/isokineettinen\/","title":{"rendered":"Isokinetic"},"content":{"rendered":"<div id=\"pl-71\"  class=\"panel-layout\" ><div id=\"pg-71-0\"  class=\"panel-grid panel-no-style\" ><div id=\"pgc-71-0-0\"  class=\"panel-grid-cell\" ><div id=\"panel-71-0-0-0\" class=\"so-panel widget widget_black-studio-tinymce widget_black_studio_tinymce panel-first-child\" data-index=\"0\" ><h3 class=\"widget-title\"> Dcom 900 isokinetic muscle strength measuring device<\/h3><div class=\"textwidget\"><p><strong>Isokinetic measuring device for measuring multiple joints\u00a0 <\/strong><\/p>\n<p><strong><em>Presentation video:<br \/>\n<\/em><br \/>\n<\/strong><a href=\"https:\/\/www.youtube.com\/watch?v=gsHLBWPURdM\">\u00a0https:\/\/www.youtube.com\/watch?v=gsHLBWPURdM<\/a><strong><em><br \/>\n<\/em><\/strong><\/p>\n<p>The device can be used to test isokinetic and isometric strength in a dynamic environment.<br \/>\nThe chair and the measuring head can be adjusted electronically at the push of a button to suit different patients and all main effector muscles.<br \/>\nThe device can be used to examine the coordination and control disorders of different body areas.<\/p>\n<p><img loading=\"lazy\" decoding=\"async\" class=\"alignnone wp-image-1161\" src=\"https:\/\/diter.com\/wp-content\/uploads\/2014\/07\/Diter_Dcom900_pieni-300x196.jpg\" alt=\"Diter_Dcom900_pieni\" width=\"487\" height=\"318\" srcset=\"https:\/\/diter.com\/wp-content\/uploads\/2014\/07\/Diter_Dcom900_pieni-300x196.jpg 300w, https:\/\/diter.com\/wp-content\/uploads\/2014\/07\/Diter_Dcom900_pieni-600x393.jpg 600w, https:\/\/diter.com\/wp-content\/uploads\/2014\/07\/Diter_Dcom900_pieni-1024x669.jpg 1024w\" sizes=\"auto, (max-width: 487px) 100vw, 487px\" \/><\/p>\n<p><strong>Modes of operation<\/strong><\/p>\n<p>Isokinetic muscle strength measurement testing and rehabilitation system with five different modes of operation.<\/p>\n<p>\u00b7\u00a0\u00a0 \u00a0isokinetic<br \/>\n\u00b7\u00a0\u00a0 \u00a0isotonic<br \/>\n\u00b7\u00a0\u00a0 \u00a0isometric<br \/>\n\u00b7\u00a0\u00a0 \u00a0passive<br \/>\n\u00b7\u00a0\u00a0 \u00a0acceleration rate \u2013 variable load<\/p>\n<p><img decoding=\"async\" class=\"alignnone wp-image-286\" title=\"DSC_0053_\" src=\"http:\/\/diter.com\/diter\/wp-content\/uploads\/2012\/07\/DSC_0053_-300x199.jpg\" alt=\"\" \/><\/p>\n<p><strong><br \/>\nApplication<\/strong><\/p>\n<p>Modes of operation are applicable for<\/p>\n<p>- for assessing physical capacity<br \/>\n- for assessing muscle strength<br \/>\n- for training<br \/>\n- rehabilitation<br \/>\n- measurement<\/p>\n<p>The new technology enables smooth movement of the lever arm in the entire range of motion.<\/p>\n<p>With the help of a passive mode of operation, you can e.g. maintain the range of motion of inactive muscle groups.<\/p>\n<p><strong><br \/>\nDynamometry<\/strong><\/p>\n<p>Istuimen ja dynamometrin p\u00e4\u00e4n korkeuden elektroninen s\u00e4\u00e4t\u00f6 helpottaa potilaan asettamista oikeaan harjoitusasentoon.<\/p>\n<p><img loading=\"lazy\" decoding=\"async\" class=\"alignnone wp-image-1091\" src=\"https:\/\/diter.com\/wp-content\/uploads\/2014\/07\/dynamometrin-p\u00e4\u00e4-284x300.jpg\" alt=\"dynamometrin p\u00e4\u00e4\" width=\"202\" height=\"213\" srcset=\"https:\/\/diter.com\/wp-content\/uploads\/2014\/07\/dynamometrin-p\u00e4\u00e4-284x300.jpg 284w, https:\/\/diter.com\/wp-content\/uploads\/2014\/07\/dynamometrin-p\u00e4\u00e4-600x633.jpg 600w, https:\/\/diter.com\/wp-content\/uploads\/2014\/07\/dynamometrin-p\u00e4\u00e4.jpg 789w\" sizes=\"auto, (max-width: 202px) 100vw, 202px\" \/><\/p>\n<p>\u00b7\u00a0\u00a0 \u00a0Isokinetic momentum\u00a0\u00a0 \u00a0 \u00a0\u00a0 650 Nm<br \/>\n\u00b7\u00a0\u00a0 \u00a0Angular speed \u00a0\u00a0\u00a0 \u00a0\u00a0\u00a0 \u00a0\u00a0\u00a0 \u00a0\u00a0\u00a0 \u00a0\u00a0\u00a0 \u00a0\u00a0\u00a0\u00a0\u00a0\u00a0\u00a0\u00a0\u00a0\u00a0\u00a0\u00a0 600 \u00ba\/s<br \/>\n\u00b7\u00a0\u00a0 \u00a0Maximum power\u00a0 drive\/break\u00a0\u00a0 \u00a0 \u00a0\u00a0\u00a0 \u00a0\u00a0\u00a0 \u00a0 \u00a0\u00a0 3 kW<\/p>\n<p><strong>Reporting<\/strong><\/p>\n<p>An easy-to-read and appropriate result report gives the user all the information needed to analyze the patient's muscle condition.<br \/>\nYksil\u00f6llisesti asetettavat suoritusrajat kannustavat mitattavaa parhaaseen mahdolliseen tulokseen harjoituksen aikana.<\/p>\n<p><a href=\"https:\/\/diter.com\/wp-content\/uploads\/2014\/07\/Graafinen-n\u00e4ytt\u00f6.jpg\"><img loading=\"lazy\" decoding=\"async\" class=\"alignnone size-medium wp-image-797\" src=\"https:\/\/diter.com\/wp-content\/uploads\/2014\/07\/Graafinen-n\u00e4ytt\u00f6-300x226.jpg\" alt=\"Graafinen n\u00e4ytt\u00f6\" width=\"300\" height=\"226\" srcset=\"https:\/\/diter.com\/wp-content\/uploads\/2014\/07\/Graafinen-n\u00e4ytt\u00f6-300x226.jpg 300w, https:\/\/diter.com\/wp-content\/uploads\/2014\/07\/Graafinen-n\u00e4ytt\u00f6-600x453.jpg 600w, https:\/\/diter.com\/wp-content\/uploads\/2014\/07\/Graafinen-n\u00e4ytt\u00f6.jpg 1001w\" sizes=\"auto, (max-width: 300px) 100vw, 300px\" \/><\/a><\/p>\n<\/div><\/div><div id=\"panel-71-0-0-1\" class=\"so-panel widget widget_black-studio-tinymce widget_black_studio_tinymce panel-last-child\" data-index=\"1\" ><h3 class=\"widget-title\">I-KON <\/h3><div class=\"textwidget\"><img loading=\"lazy\" decoding=\"async\" class=\"alignnone wp-image-1096\" src=\"https:\/\/diter.com\/wp-content\/uploads\/2014\/07\/IKON_ei-taus-225x300.jpg\" alt=\"IKON_ei taus\" width=\"268\" height=\"357\" srcset=\"https:\/\/diter.com\/wp-content\/uploads\/2014\/07\/IKON_ei-taus-225x300.jpg 225w, https:\/\/diter.com\/wp-content\/uploads\/2014\/07\/IKON_ei-taus-600x800.jpg 600w, https:\/\/diter.com\/wp-content\/uploads\/2014\/07\/IKON_ei-taus.jpg 670w\" sizes=\"auto, (max-width: 268px) 100vw, 268px\" \/>\n\nI-KON on suomalainen lihasvoimanmittaus- ja harjoituslaite. Laitteessa on sek\u00e4 isokineettinen, ett\u00e4 isometrinen toimintamuoto.\nYksinkertainen, selke\u00e4 rakenne ja selke\u00e4 n\u00e4ytt\u00f6tekniikka mahdollistavat vertaansa vailla olevan helppok\u00e4ytt\u00f6isyyden.\nK\u00e4ytt\u00e4j\u00e4 ja mitattava n\u00e4kev\u00e4t suorituksen jatkuvasti piirtyv\u00e4n\u00e4 k\u00e4yr\u00e4n\u00e4, joka on tulostettavissa paperille my\u00f6hempi\u00e4 vertailuja varten\n\n.<img loading=\"lazy\" decoding=\"async\" class=\"alignnone size-medium wp-image-1095\" src=\"https:\/\/diter.com\/wp-content\/uploads\/2014\/07\/IKON-n\u00e4ytt\u00f6-300x201.jpg\" alt=\"IKON n\u00e4ytt\u00f6\" width=\"300\" height=\"201\" srcset=\"https:\/\/diter.com\/wp-content\/uploads\/2014\/07\/IKON-n\u00e4ytt\u00f6-300x201.jpg 300w, https:\/\/diter.com\/wp-content\/uploads\/2014\/07\/IKON-n\u00e4ytt\u00f6-600x402.jpg 600w, https:\/\/diter.com\/wp-content\/uploads\/2014\/07\/IKON-n\u00e4ytt\u00f6.jpg 640w\" sizes=\"auto, (max-width: 300px) 100vw, 300px\" \/>\n\n<strong>Isokinetic and isometric features in a small size and reasonable price.\n<\/strong>\n\nI-KONin tilaas\u00e4\u00e4st\u00e4v\u00e4n designin johdosta se mahtuu ahtaisiinkin paikkoihin.\n\u00b7\u00a0\u00a0 Konsentrinen lihasty\u00f6 kaikilla raajoilla.\n\n<img loading=\"lazy\" decoding=\"async\" class=\"alignnone wp-image-1093\" src=\"https:\/\/diter.com\/wp-content\/uploads\/2014\/07\/IKON-knee-277x300.jpg\" alt=\"IKON knee\" width=\"274\" height=\"297\" srcset=\"https:\/\/diter.com\/wp-content\/uploads\/2014\/07\/IKON-knee-277x300.jpg 277w, https:\/\/diter.com\/wp-content\/uploads\/2014\/07\/IKON-knee.jpg 497w\" sizes=\"auto, (max-width: 274px) 100vw, 274px\" \/>\n\nFORMS OF MEASUREMENT AND TRAINING\n\n<strong>Isokinetic<\/strong>\n\nmikroprosessoriohjattu kulmanopeus k\u00e4ytt\u00e4j\u00e4 asettaa\n\n\u00b7\u00a0\u00a0\u00a0 loppu- ja alkukulmat\n\u00b7\u00a0\u00a0\u00a0 kulmanopeuden\n\u00b7\u00a0\u00a0\u00a0 toistojen m\u00e4\u00e4r\u00e4n ja ajan\n\u00b7\u00a0\u00a0\u00a0 t\u00e4ydellinen \/ vajaa toisto\n\u00b7\u00a0\u00a0\u00a0 voimarajat\n\n<strong>Isometric<\/strong>\n\nk\u00e4ytt\u00e4j\u00e4 asettaa\n\u00b7\u00a0\u00a0\u00a0 harjoituskulmat\u00b7\u00a0\u00a0\u00a0 minimivoimarajat\n\u00b7\u00a0\u00a0\u00a0 ty\u00f6- ja lepoajat\n\n<img loading=\"lazy\" decoding=\"async\" class=\"alignnone wp-image-1094 size-medium\" src=\"https:\/\/diter.com\/wp-content\/uploads\/2014\/07\/IKON-leg-300x297.jpg\" alt=\"IKON leg\" width=\"300\" height=\"297\" srcset=\"https:\/\/diter.com\/wp-content\/uploads\/2014\/07\/IKON-leg-300x297.jpg 300w, https:\/\/diter.com\/wp-content\/uploads\/2014\/07\/IKON-leg-100x100.jpg 100w, https:\/\/diter.com\/wp-content\/uploads\/2014\/07\/IKON-leg-150x150.jpg 150w, https:\/\/diter.com\/wp-content\/uploads\/2014\/07\/IKON-leg.jpg 531w\" sizes=\"auto, (max-width: 300px) 100vw, 300px\" \/>\n\nFORCE \/ ANGULAR SPEED\n\n<strong>Isokinetic<\/strong>\nVoima\u00a0\u00a0\u00a0\u00a0\u00a0\u00a0\u00a0\u00a0\u00a0\u00a0\u00a0\u00a0\u00a0\u00a0 1000N\nKulmanopeus\u00a0\u00a0 400\n\n<strong>Isometric<\/strong>\nKuorimitus\u00a0\u00a0\u00a0\u00a0\u00a0\u00a0\u00a0\u00a0\u00a0\u00a0 1N-1000N\nHarjoituskulmat \u00a0 \u00a0Nelj\u00e4 harjoituskulmaa<\/div><\/div><\/div><\/div><\/div>","protected":false},"excerpt":{"rendered":"<p>Isokinetic measuring device for measuring multiple joints Introduction video: https:\/\/www.youtube.com\/watch?v=gsHLBWPURdM The device can be used to test isokinetic and isometric strength in a dynamic environment. The chair and the measuring head can be adjusted electronically at the push of a button to suit different patients and all main effector muscles. The device can be used to examine the coordination and control disorders of different body areas. Modes of operation Isokinetic... <a href=\"https:\/\/diter.com\/en\/laitteet\/isokineettinen\/\">Continued<\/a><\/p>","protected":false},"author":2,"featured_media":0,"parent":5447,"menu_order":3,"comment_status":"closed","ping_status":"closed","template":"page-fullwidth.php","meta":{"footnotes":""},"class_list":["post-71","page","type-page","status-publish","hentry"],"_links":{"self":[{"href":"https:\/\/diter.com\/en\/wp-json\/wp\/v2\/pages\/71","targetHints":{"allow":["GET"]}}],"collection":[{"href":"https:\/\/diter.com\/en\/wp-json\/wp\/v2\/pages"}],"about":[{"href":"https:\/\/diter.com\/en\/wp-json\/wp\/v2\/types\/page"}],"author":[{"embeddable":true,"href":"https:\/\/diter.com\/en\/wp-json\/wp\/v2\/users\/2"}],"replies":[{"embeddable":true,"href":"https:\/\/diter.com\/en\/wp-json\/wp\/v2\/comments?post=71"}],"version-history":[{"count":19,"href":"https:\/\/diter.com\/en\/wp-json\/wp\/v2\/pages\/71\/revisions"}],"predecessor-version":[{"id":6521,"href":"https:\/\/diter.com\/en\/wp-json\/wp\/v2\/pages\/71\/revisions\/6521"}],"up":[{"embeddable":true,"href":"https:\/\/diter.com\/en\/wp-json\/wp\/v2\/pages\/5447"}],"wp:attachment":[{"href":"https:\/\/diter.com\/en\/wp-json\/wp\/v2\/media?parent=71"}],"curies":[{"name":"wp","href":"https:\/\/api.w.org\/{rel}","templated":true}]}}