{"id":70,"date":"2014-07-22T16:58:52","date_gmt":"2014-07-22T13:58:52","guid":{"rendered":"http:\/\/www.diter.com\/diter2014\/?page_id=70"},"modified":"2026-03-13T21:40:33","modified_gmt":"2026-03-13T19:40:33","slug":"kauneudenhoito","status":"publish","type":"page","link":"https:\/\/diter.com\/en\/laitteet\/kotimaiset_laitteet\/kauneudenhoito\/","title":{"rendered":"Beauty treaments"},"content":{"rendered":"<div id=\"pl-70\"  class=\"panel-layout\" ><div id=\"pg-70-0\"  class=\"panel-grid panel-no-style\" ><div id=\"pgc-70-0-0\"  class=\"panel-grid-cell\" ><div id=\"panel-70-0-0-0\" class=\"so-panel widget widget_widget_sp_image widget_sp_image panel-first-child panel-last-child\" data-index=\"0\" ><h3 class=\"widget-title\">Combination treatments<\/h3><a href=\"https:\/\/shop.diter.com\/product-category\/ammattikayttoon\/?filters=product_cat%5B612-614%5D\" target=\"_blank\" class=\"widget_sp_image-image-link\" title=\"Combination treatments\"><img loading=\"lazy\" decoding=\"async\" width=\"300\" height=\"180\" alt=\"Yhdistelm\u00e4laitteet\" class=\"attachment-full aligncenter\" style=\"max-width: 100%;\" src=\"https:\/\/diter.com\/wp-content\/uploads\/2014\/07\/Lifting.jpg\" \/><\/a><\/div><\/div><div id=\"pgc-70-0-1\"  class=\"panel-grid-cell\" ><div id=\"panel-70-0-1-0\" class=\"so-panel widget widget_widget_sp_image widget_sp_image panel-first-child panel-last-child\" data-index=\"1\" ><h3 class=\"widget-title\">Ultrasound - absorption<\/h3><a href=\"https:\/\/shop.diter.com\/product-category\/ammattikayttoon\/?filters=product_cat%5B607%5D\" target=\"_blank\" class=\"widget_sp_image-image-link\" title=\"Ultra\u00e4\u00e4ni &#8211; imeytys\"><img loading=\"lazy\" decoding=\"async\" width=\"300\" height=\"180\" alt=\"Ultra\u00e4\u00e4ni &#8211; imeytys\" class=\"attachment-full aligncenter\" style=\"max-width: 100%;\" src=\"https:\/\/diter.com\/wp-content\/uploads\/2016\/10\/US-kasvohoidot.jpg\" \/><\/a><\/div><\/div><div id=\"pgc-70-0-2\"  class=\"panel-grid-cell\" ><div id=\"panel-70-0-2-0\" class=\"so-panel widget widget_widget_sp_image widget_sp_image panel-first-child panel-last-child\" data-index=\"2\" ><h3 class=\"widget-title\">Ultrasound - cleansing<\/h3><a href=\"https:\/\/shop.diter.com\/product-category\/ammattikayttoon\/?filters=product_cat%5B608%5D\" target=\"_blank\" class=\"widget_sp_image-image-link\" title=\"Ultra\u00e4\u00e4ni &#8211; puhdistus\"><img loading=\"lazy\" decoding=\"async\" width=\"300\" height=\"180\" alt=\"Ultra\u00e4\u00e4ni &#8211; puhdistus\" class=\"attachment-full aligncenter\" style=\"max-width: 100%;\" src=\"https:\/\/diter.com\/wp-content\/uploads\/2014\/07\/UPI.jpg\" \/><\/a><\/div><\/div><\/div><div id=\"pg-70-1\"  class=\"panel-grid panel-no-style\" ><div id=\"pgc-70-1-0\"  class=\"panel-grid-cell\" ><div id=\"panel-70-1-0-0\" class=\"so-panel widget widget_widget_sp_image widget_sp_image panel-first-child panel-last-child\" data-index=\"3\" ><h3 class=\"widget-title\">Diamond peel<\/h3><a href=\"https:\/\/shop.diter.com\/product-category\/ammattikayttoon\/?filters=product_cat%5B613%5D\" target=\"_blank\" class=\"widget_sp_image-image-link\" title=\"Diamond peel\"><img loading=\"lazy\" decoding=\"async\" width=\"300\" height=\"180\" alt=\"Timanttikuorinta\" class=\"attachment-full aligncenter\" style=\"max-width: 100%;\" src=\"https:\/\/diter.com\/wp-content\/uploads\/2014\/07\/Timanttihoito.jpg\" \/><\/a><\/div><\/div><div id=\"pgc-70-1-1\"  class=\"panel-grid-cell\" ><div id=\"panel-70-1-1-0\" class=\"so-panel widget widget_widget_sp_image widget_sp_image panel-first-child panel-last-child\" data-index=\"4\" ><h3 class=\"widget-title\">Radio frequency<\/h3><a href=\"https:\/\/shop.diter.com\/product-category\/ammattikayttoon\/?filters=product_cat%5B612%5D\" target=\"_blank\" class=\"widget_sp_image-image-link\" title=\"Radio frequency\"><img loading=\"lazy\" decoding=\"async\" width=\"300\" height=\"180\" alt=\"Radiofrekvenssi\" class=\"attachment-full aligncenter\" style=\"max-width: 100%;\" src=\"https:\/\/diter.com\/wp-content\/uploads\/2014\/07\/Radiofekvenssi.jpg\" \/><\/a><\/div><\/div><div id=\"pgc-70-1-2\"  class=\"panel-grid-cell\" ><div id=\"panel-70-1-2-0\" class=\"so-panel widget widget_widget_sp_image widget_sp_image panel-first-child panel-last-child\" data-index=\"5\" ><h3 class=\"widget-title\">Cavitation<\/h3><a href=\"https:\/\/shop.diter.com\/product-category\/ammattikayttoon\/?filters=product_cat%5B699%5D\" target=\"_blank\" class=\"widget_sp_image-image-link\" title=\"Cavitation\"><img loading=\"lazy\" decoding=\"async\" width=\"300\" height=\"180\" alt=\"Kavitaatio\" class=\"attachment-full aligncenter\" style=\"max-width: 100%;\" src=\"https:\/\/diter.com\/wp-content\/uploads\/2014\/07\/Kavitaatio.jpg\" \/><\/a><\/div><\/div><\/div><div id=\"pg-70-2\"  class=\"panel-grid panel-no-style\" ><div id=\"pgc-70-2-0\"  class=\"panel-grid-cell\" ><div id=\"panel-70-2-0-0\" class=\"so-panel widget widget_widget_sp_image widget_sp_image panel-first-child panel-last-child\" data-index=\"6\" ><h3 class=\"widget-title\">Laser<\/h3><a href=\"https:\/\/shop.diter.com\/product-category\/ammattikayttoon\/?filters=product_cat%5B610%5D\" target=\"_blank\" class=\"widget_sp_image-image-link\" title=\"Laser\"><img loading=\"lazy\" decoding=\"async\" width=\"300\" height=\"180\" alt=\"Laser\" class=\"attachment-full aligncenter\" style=\"max-width: 100%;\" src=\"https:\/\/diter.com\/wp-content\/uploads\/2014\/07\/Laser.jpg\" \/><\/a><\/div><\/div><div id=\"pgc-70-2-1\"  class=\"panel-grid-cell\" ><div id=\"panel-70-2-1-0\" class=\"so-panel widget widget_widget_sp_image widget_sp_image panel-first-child panel-last-child\" data-index=\"7\" ><h3 class=\"widget-title\">Electrolymfa<\/h3><a href=\"https:\/\/diter.com\/en\/laitteet\/kotimaiset_laitteet\/kauneudenhoito\/elektrolymfa\/\" target=\"_blank\" class=\"widget_sp_image-image-link\" title=\"Electrolymfa\"><img loading=\"lazy\" decoding=\"async\" width=\"300\" height=\"180\" alt=\"Elektrolymfa\" class=\"attachment-full aligncenter\" style=\"max-width: 100%;\" src=\"https:\/\/diter.com\/wp-content\/uploads\/2014\/07\/lymfa.jpg\" \/><\/a><\/div><\/div><div id=\"pgc-70-2-2\"  class=\"panel-grid-cell\" ><div id=\"panel-70-2-2-0\" class=\"so-panel widget widget_widget_sp_image widget_sp_image panel-first-child panel-last-child\" data-index=\"8\" ><h3 class=\"widget-title\">Alipaineimu<\/h3><a href=\"https:\/\/shop.diter.com\/product-category\/ammattikayttoon\/?filters=product_cat%5B609%5D\" target=\"_blank\" class=\"widget_sp_image-image-link\" title=\"Alipaineimu\"><img loading=\"lazy\" decoding=\"async\" width=\"300\" height=\"180\" alt=\"Alipaineimu\" class=\"attachment-full aligncenter\" style=\"max-width: 100%;\" srcset=\"https:\/\/diter.com\/wp-content\/uploads\/2026\/03\/vac1.jpg 300w, https:\/\/diter.com\/wp-content\/uploads\/2026\/03\/vac1-18x12.jpg 18w\" sizes=\"auto, (max-width: 300px) 100vw, 300px\" src=\"https:\/\/diter.com\/wp-content\/uploads\/2026\/03\/vac1.jpg\" \/><\/a><\/div><\/div><\/div><div id=\"pg-70-3\"  class=\"panel-grid panel-no-style\" ><div id=\"pgc-70-3-0\"  class=\"panel-grid-cell\" ><div id=\"panel-70-3-0-0\" class=\"so-panel widget widget_widget_sp_image widget_sp_image panel-first-child panel-last-child\" data-index=\"9\" ><h3 class=\"widget-title\">BioStimology<\/h3><a href=\"https:\/\/diter.com\/en\/jalleenmyynti\/bodysculptor\/\" target=\"_self\" class=\"widget_sp_image-image-link\" title=\"BioStimology\"><img loading=\"lazy\" decoding=\"async\" width=\"300\" height=\"180\" alt=\"BioStimology\" class=\"attachment-300x180 aligncenter\" style=\"max-width: 100%;\" src=\"https:\/\/diter.com\/wp-content\/uploads\/2018\/02\/BodySculptor.jpg\" \/><\/a><\/div><\/div><div id=\"pgc-70-3-1\"  class=\"panel-grid-cell\" ><div id=\"panel-70-3-1-0\" class=\"so-panel widget widget_widget_sp_image widget_sp_image panel-first-child panel-last-child\" data-index=\"10\" ><h3 class=\"widget-title\">Light impulse<\/h3><a href=\"https:\/\/diter.com\/en\/jalleenmyynti\/valoimpulssi_ja_anti-age\/\" target=\"_self\" class=\"widget_sp_image-image-link\" title=\"Light impulse\"><img loading=\"lazy\" decoding=\"async\" width=\"300\" height=\"180\" alt=\"Valoimpulssi\" class=\"attachment-full aligncenter\" style=\"max-width: 100%;\" src=\"https:\/\/diter.com\/wp-content\/uploads\/2018\/06\/efb_beaute_care_soin_5-e1670413954683.jpg\" \/><\/a><\/div><\/div><div id=\"pgc-70-3-2\"  class=\"panel-grid-cell\" ><div id=\"panel-70-3-2-0\" class=\"so-panel widget widget_widget_sp_image widget_sp_image panel-first-child panel-last-child\" data-index=\"11\" ><h3 class=\"widget-title\">Treatment chairs and tables<\/h3><a href=\"https:\/\/diter.com\/en\/jalleenmyynti\/fysra-production\/\" target=\"_self\" class=\"widget_sp_image-image-link\" title=\"Treatment chairs and tables\"><img loading=\"lazy\" decoding=\"async\" width=\"300\" height=\"180\" alt=\"Hoitotuoli ja p\u00f6yd\u00e4t\" class=\"attachment-full aligncenter\" style=\"max-width: 100%;\" src=\"https:\/\/diter.com\/wp-content\/uploads\/2016\/10\/Fysra-Beauty-e1670418391943.jpg\" \/><\/a><\/div><\/div><\/div><\/div>","protected":false},"excerpt":{"rendered":"<p>Yhdistelm\u00e4laitteetUltra\u00e4\u00e4ni &#8211; imeytysUltra\u00e4\u00e4ni &#8211; puhdistusTimanttikuorintaRadiofrekvenssiKavitaatioLaserElektrolymfaAlipaineimuBioStimologyValoimpulssiHoitotuoli ja p\u00f6yd\u00e4t<\/p>","protected":false},"author":2,"featured_media":0,"parent":11,"menu_order":2,"comment_status":"closed","ping_status":"closed","template":"page-fullwidth.php","meta":{"footnotes":""},"class_list":["post-70","page","type-page","status-publish","hentry"],"_links":{"self":[{"href":"https:\/\/diter.com\/en\/wp-json\/wp\/v2\/pages\/70","targetHints":{"allow":["GET"]}}],"collection":[{"href":"https:\/\/diter.com\/en\/wp-json\/wp\/v2\/pages"}],"about":[{"href":"https:\/\/diter.com\/en\/wp-json\/wp\/v2\/types\/page"}],"author":[{"embeddable":true,"href":"https:\/\/diter.com\/en\/wp-json\/wp\/v2\/users\/2"}],"replies":[{"embeddable":true,"href":"https:\/\/diter.com\/en\/wp-json\/wp\/v2\/comments?post=70"}],"version-history":[{"count":130,"href":"https:\/\/diter.com\/en\/wp-json\/wp\/v2\/pages\/70\/revisions"}],"predecessor-version":[{"id":6580,"href":"https:\/\/diter.com\/en\/wp-json\/wp\/v2\/pages\/70\/revisions\/6580"}],"up":[{"embeddable":true,"href":"https:\/\/diter.com\/en\/wp-json\/wp\/v2\/pages\/11"}],"wp:attachment":[{"href":"https:\/\/diter.com\/en\/wp-json\/wp\/v2\/media?parent=70"}],"curies":[{"name":"wp","href":"https:\/\/api.w.org\/{rel}","templated":true}]}}