{"id":6649,"date":"2026-04-08T14:54:44","date_gmt":"2026-04-08T11:54:44","guid":{"rendered":"https:\/\/diter.com\/?page_id=6649"},"modified":"2026-04-08T15:12:24","modified_gmt":"2026-04-08T12:12:24","slug":"olen-myymassa","status":"publish","type":"page","link":"https:\/\/diter.com\/en\/laitteet\/kaytetyt-laitteet\/olen-myymassa\/","title":{"rendered":"Olen myym\u00e4ss\u00e4"},"content":{"rendered":"<div id=\"pl-6649\"  class=\"panel-layout\" ><div id=\"pg-6649-0\"  class=\"panel-grid panel-no-style\" ><div id=\"pgc-6649-0-0\"  class=\"panel-grid-cell\" ><div id=\"panel-6649-0-0-0\" class=\"so-panel widget widget_black-studio-tinymce widget_black_studio_tinymce panel-first-child\" data-index=\"0\" ><h3 class=\"widget-title\">Old ones to exchange and new ones to replace <\/h3><div class=\"textwidget\"><p>Are you changing fields or retiring? Do you have a used Diter or Ditelle device?<\/p>\n<p>Ota meihin yhteytt\u00e4, niin ilmoitamme veloituksetta <a href=\"https:\/\/diter.com\/en\/laitteet\/kaytetyt-laitteet\/olen-ostamassa\/\"><em>K\u00c4YTETYT LAITTEET - Olen ostamassa<\/em><\/a> - sivustolla puolestasi laitteesi ja yhteystietosi, jolla l\u00f6yd\u00e4t laitteellesi uuden kodin.<br \/>\nMyynti-ilmoitukseen tarvitsemme yhden laadukkaan kuvan ja yhteystiedot (puhelin ja \/tai s\u00e4hk\u00f6posti), josta mahdolliset ostajat voivat tavoittaa ja kysell\u00e4 lis\u00e4tietoja.<\/p>\n<p><strong><em>NOTE! When the device or product has changed hands, please let us know. That way the announcements are not here for nothing.<br \/>\nIt is also a good to inform us of the serial number of the device and the new location for warranty information. Thank you :)<\/em><\/strong><\/p>\n<hr \/>\n<p>&nbsp;<\/p>\n<\/div><\/div><div id=\"panel-6649-0-0-1\" class=\"so-panel widget widget_black-studio-tinymce widget_black_studio_tinymce panel-last-child\" data-index=\"1\" ><h3 class=\"widget-title\">How do I price my device?<\/h3><div class=\"textwidget\"><p>Meilt\u00e4 kysyt\u00e4\u00e4n usein miten k\u00e4ytetty laite tulisi hinnoitella. <strong>Toivomme myyj\u00e4n p\u00e4\u00e4tt\u00e4v\u00e4n itse asiasta ja hoitavan kaupan k\u00e4ynnin suoraan ostajan kanssa.<\/strong><br \/>\nHere are some tips that should be taken into account when pricing.<\/p>\n<p><strong>1. DEVICE AGE:<\/strong> Diter and Ditelle devices have a long service life. When calculating the value, however, you should take into account the model of the device and, accordingly, determine the age as e.g. 10 - 15 years.<br \/>\nHere's how to calculate the current value:<\/p>\n<table style=\"width: 74.9989%; border-collapse: collapse;\" border=\"2\">\n<tbody>\n<tr>\n<td style=\"width: 100%;\">\nPURCHASE PRICE \/ TOTAL LIFETIME IN USE = <strong>LA<\/strong> (VALUE OF THE DEVICE FOR ONE YEAR (FISCAL PERIOD))<\/p>\n<p>PURCHASE PRICE - (YEAR OF USE x <strong>LA<\/strong>) = CURRENT VALUE<\/p>\n<p>EXAMPLE: You have a Ditelle x device whose value at the time of purchase is 5000.00 VAT 0%. You have used the device for 5 years. The estimated total lifetime of the device is 10 years.<\/p>\n<p>5000\u00a0 \/ 10 = 500<br \/>\n5000 - (5 x 500) = 2500 The current value of the device \u20ac2,500.00 incl. VAT 0%<\/td>\n<\/tr>\n<\/tbody>\n<\/table>\n<p>&nbsp;<\/p>\n<p><strong>2. DEVICE CONDITION: <\/strong>If the device and accessories are in similar condition as new, even if the device is old, it naturally affects the determination of the price.<\/p>\n<p><strong>3. DEVICE MAINTENANCE: <\/strong>The condition of the device should be checked before the owner changes. If you have paid for the inspection and maintenance of the device just before the sale, you can consider it in the price or leave it to the new owner.<\/p>\n<\/div><\/div><\/div><\/div><\/div>","protected":false},"excerpt":{"rendered":"<p>Oletko vaihtamassa alaa tai j\u00e4\u00e4m\u00e4ss\u00e4 el\u00e4kkeelle? L\u00f6ytyyk\u00f6 sinulta k\u00e4ytetty Diter tai Ditelle -laite? Ota meihin yhteytt\u00e4, niin ilmoitamme veloituksetta K\u00c4YTETYT LAITTEET &#8211; Olen ostamassa &#8211; sivustolla puolestasi laitteesi ja yhteystietosi, jolla l\u00f6yd\u00e4t laitteellesi uuden kodin. Myynti-ilmoitukseen tarvitsemme yhden laadukkaan kuvan &hellip; <a href=\"https:\/\/diter.com\/en\/laitteet\/kaytetyt-laitteet\/olen-myymassa\/\">Continued<\/a><\/p>","protected":false},"author":4,"featured_media":0,"parent":1523,"menu_order":5,"comment_status":"closed","ping_status":"closed","template":"page-fullwidth.php","meta":{"footnotes":""},"class_list":["post-6649","page","type-page","status-publish","hentry"],"_links":{"self":[{"href":"https:\/\/diter.com\/en\/wp-json\/wp\/v2\/pages\/6649","targetHints":{"allow":["GET"]}}],"collection":[{"href":"https:\/\/diter.com\/en\/wp-json\/wp\/v2\/pages"}],"about":[{"href":"https:\/\/diter.com\/en\/wp-json\/wp\/v2\/types\/page"}],"author":[{"embeddable":true,"href":"https:\/\/diter.com\/en\/wp-json\/wp\/v2\/users\/4"}],"replies":[{"embeddable":true,"href":"https:\/\/diter.com\/en\/wp-json\/wp\/v2\/comments?post=6649"}],"version-history":[{"count":3,"href":"https:\/\/diter.com\/en\/wp-json\/wp\/v2\/pages\/6649\/revisions"}],"predecessor-version":[{"id":6661,"href":"https:\/\/diter.com\/en\/wp-json\/wp\/v2\/pages\/6649\/revisions\/6661"}],"up":[{"embeddable":true,"href":"https:\/\/diter.com\/en\/wp-json\/wp\/v2\/pages\/1523"}],"wp:attachment":[{"href":"https:\/\/diter.com\/en\/wp-json\/wp\/v2\/media?parent=6649"}],"curies":[{"name":"wp","href":"https:\/\/api.w.org\/{rel}","templated":true}]}}