{"id":6439,"date":"2024-12-31T20:56:25","date_gmt":"2024-12-31T18:56:25","guid":{"rendered":"https:\/\/diter.com\/?page_id=6439"},"modified":"2025-06-02T09:51:07","modified_gmt":"2025-06-02T06:51:07","slug":"vetyhengitys-ja-terapia","status":"publish","type":"page","link":"https:\/\/diter.com\/en\/vetyhengitys-ja-terapia\/","title":{"rendered":"Hydrogen therapy"},"content":{"rendered":"\n<p><strong>Uusi hoitomuoto Diter hoitovalikoimassa alkuvuodesta 2025!<\/strong><\/p>\n\n\n\n<p>Vetyhengitys on kliinisesti tutkittu, tehokas ja turvallinen hoitomuoto muun muuassa<\/p>\n\n\n\n<p>&#8211; keuhko- ja hengitysongelmiin<\/p>\n<p>&#8211; kehon tulehdustilojen ja oksidatiivisen stressin v\u00e4hent\u00e4miseen<\/p>\n<p>&#8211; suorituskyvyn tehostamiseen urheilusuorituksissa<\/p>\n<p>&#8211; palautumiseen<\/p>\n<p>&#8211; yleisen vireystilan parantamiseen ja<\/p>\n<p>&#8211; hyvinvoinnin edist\u00e4miseen.<\/p>\n<p>Vetyterapialla on kliinisten tutkimusten perusteella my\u00f6s muita terveytt\u00e4 edist\u00e4vi\u00e4 vaikutuksia mm. syd\u00e4n- ja verisuonielimist\u00f6n ongelmissa [1].<\/p>\n<p>&nbsp;<\/p>\n\n\n\n<figure class=\"wp-block-image size-large\"><a href=\"https:\/\/diter.com\/wp-content\/uploads\/2025\/01\/inhaler-1.jpg\"><img loading=\"lazy\" decoding=\"async\" width=\"1024\" height=\"435\" src=\"https:\/\/diter.com\/wp-content\/uploads\/2025\/01\/inhaler-1-1024x435.jpg\" alt=\"\" class=\"wp-image-6472\" srcset=\"https:\/\/diter.com\/wp-content\/uploads\/2025\/01\/inhaler-1-1024x435.jpg 1024w, https:\/\/diter.com\/wp-content\/uploads\/2025\/01\/inhaler-1-300x127.jpg 300w, https:\/\/diter.com\/wp-content\/uploads\/2025\/01\/inhaler-1-768x326.jpg 768w, https:\/\/diter.com\/wp-content\/uploads\/2025\/01\/inhaler-1-18x8.jpg 18w, https:\/\/diter.com\/wp-content\/uploads\/2025\/01\/inhaler-1.jpg 1138w\" sizes=\"auto, (max-width: 1024px) 100vw, 1024px\" \/><\/a><\/figure>\n\n\n\n<hr class=\"wp-block-separator has-alpha-channel-opacity\"\/>\n\n\n\n<h3 class=\"wp-block-heading\">VETYHENGITYS &#8211; HOIDON TOTEUTUS<\/h3>\n\n\n\n<p>Vetyhengitys toteutetaan hengitt\u00e4m\u00e4ll\u00e4 nen\u00e4lle tulevan letkun kautta tulevaa vetykaasua. Vety on hajuton ja mauton kaasu eik\u00e4 hoito itsess\u00e4\u00e4n tai siihen liittyv\u00e4t toimet aiheuta kipua. Hoidon aikana on mahdollista rentoutua, hy\u00f6tyk\u00e4ytt\u00e4\u00e4 aika et\u00e4t\u00f6it\u00e4 tehden tai yhdist\u00e4\u00e4 johonkin muuhun Ditelle Cosmeticsin valikoimassa olevaan hoitoon, esim. BodySculptor-hoitoon (pl. kasvohoidot ja kasvojen alueelle teht\u00e4v\u00e4t hoidot). Vetyhengitys on mahdollista toteuttaa my\u00f6s parihoitona eli samanaikaisesti kahdelle henkil\u00f6lle.<\/p>\n\n\n\n<p>Suositeltu vetyhengityshoidon kesto on 60 min, johon sis\u00e4ltyy hoidon k\u00e4ynnist\u00e4miseen ja p\u00e4\u00e4tt\u00e4miseen liittyv\u00e4t toimet. Vetyhengitys helpottaa hengitt\u00e4mist\u00e4 jo yhden hoitokerran j\u00e4lkeen. Vaikutukset kuitenkin h\u00e4vi\u00e4v\u00e4t yleens\u00e4 muutamassa tunnissa. Hoitoja jatkettaessa vaikutusten kesto pitenee seuraavien hoitokertojen my\u00f6t\u00e4. T\u00e4m\u00e4n vuoksi vetyhengityst\u00e4 suositellaan toteutettavaksi hoitosarjana, jolloin hoidon positiiviset vaikutukset j\u00e4\u00e4v\u00e4t pidempikestoisiksi. Tehokkaiden vaikutusten saamiseksi suositellaan v\u00e4hint\u00e4\u00e4n kolmea tunnin hoitokertaa viikossa yhteens\u00e4 3-8 viikon ajan.<\/p>\n\n\n\n<hr class=\"wp-block-separator has-alpha-channel-opacity\"\/>\n\n\n\n<h3>VETYTERAPIAN TURVALLISUUS<\/h3>\n<p>Vetyterapia on todettu hyvin turvalliseksi hoitomuodoksi lukuisissa kliinisiss\u00e4 tutkimuksissa eik\u00e4 siihen liittyvi\u00e4 haittavaikutuksia ole juurikaan raportoitu [1].<\/p>\n\n\n\n<hr class=\"wp-block-separator has-alpha-channel-opacity\"\/>\n\n\n\n<h3 class=\"wp-block-heading\">VETYTERAPIAN KLIINISESTI TUTKITUT VAIKUTUKSET<\/h3>\n\n\n\n<p>Vetyhengityksen ja laajemmin vetyterapian vaikutukset perustuvat molekylaarisen vetykaasun (H<sub>2<\/sub>) terveytt\u00e4 ja hyvinvointia edist\u00e4viin vaikutuksiin kehossa. Hengitett\u00e4ess\u00e4 vedyn vaikutukset kohdistuvat ensisijaisesti keuhkoihin, mutta verenkierron my\u00f6t\u00e4 ne levi\u00e4v\u00e4t my\u00f6s muualle kehoon. Molekylaarisen vedyn on osoitettu torjuvan valikoivasti elimist\u00f6lle haitallisia reaktiivisia happilajeja (ROS), kuten hydroksyyliradikaaleja, jotka ovat reaktiivisista happiradikaaleista soluille haitallisimpia. Vety ei kuitenkaan reagoi samalla tavoin muiden ROS:ien kanssa, joilla on my\u00f6s elimist\u00f6lle hy\u00f6dyllisi\u00e4 fysiologisia rooleja. N\u00e4iden vaikutusten my\u00f6t\u00e4 molekylaarinen vety v\u00e4hent\u00e4\u00e4 oksidatiivisen stressin keholle aiheuttamia haitallisia vaikutuksia. Akuutti oksidatiivinen stressi aiheuttaa vakavia kudosvaurioita ja jatkuva oksidatiivista stressi hyv\u00e4ksyt\u00e4\u00e4n yhdeksi monien yleisten sairauksien, mukaan lukien sy\u00f6v\u00e4n, syyksi. [2]\n\n\n\n<p>Vedyn terapeuttisista vaikutuksista on tehty yli 2000 julkaisua ja kliinisi\u00e4 tutkimuksia on suoritettu t\u00e4rkeimmill\u00e4 sairausalueilla, kuten syd\u00e4n-, verisuoni- ja hengitystiesairaudet sek\u00e4 kasvaintaudit, keskittyen sairauksiin, jotka liittyv\u00e4t vapaiden happiradikaalien kertymiseen [1]. N\u00e4iss\u00e4 tutkimuksissa vedyn hengitt\u00e4misen on esimerkiksi todettu v\u00e4hent\u00e4v\u00e4n tulehdusta astmaa ja keuhkoahtaumatautia sairastavilla henkil\u00f6ill\u00e4 [3, 4]. Vetyhengityksen on lis\u00e4ksi todettu auttavan eri tulehduksellisten keuhkosairauksien, kuten pitkittyneen koronaviruksen oireisiin [1].<\/p>\n\n\n\n<hr class=\"wp-block-separator has-alpha-channel-opacity\"\/>\n\n\n\n<h3 class=\"wp-block-heading\">HINNASTO<\/h3>\n\n\n\n<p><strong>Vetyhengitys &#8211; yksil\u00f6hoitona<\/strong><br>60 min, 49 \u20ac<br>10 x 60 min sarjakortti,<mark style=\"background-color:rgba(0, 0, 0, 0)\" class=\"has-inline-color has-virtue-primary-color\"> 399 \u20ac<\/mark><\/p>\n\n\n\n<p><strong><strong>Vetyhengitys &#8211; parihoitona<\/strong><\/strong><br>60 min, 79 \u20ac<br>10 x 60 min sarjakortti, <mark style=\"background-color:rgba(0, 0, 0, 0)\" class=\"has-inline-color has-virtue-primary-color\">699 \u20ac<\/mark><\/p>\n\n\n\n<a href=\"https:\/\/ditelle.fi\/ajanvaraus\/\" class=\"btn button btn-shortcode kad-btn kad-btn-primary\" id=\"kadbtn740\" target=\"_self\" style=\"background-color:#0000FF;color:#FFF;\">VARAA HOITO<\/a>\n\n\n\n<hr class=\"wp-block-separator has-alpha-channel-opacity\"\/>\n\n\n\n<h3 class=\"wp-block-heading\">VETYTERAPIASSA K\u00c4YTETT\u00c4V\u00c4 LAITTEISTO<\/h3>\n\n\n<div class=\"wp-block-image\">\n<figure class=\"alignright size-full is-resized\"><a href=\"https:\/\/diter.com\/wp-content\/uploads\/2025\/01\/IMG_2488_n.png\"><img loading=\"lazy\" decoding=\"async\" width=\"250\" height=\"354\" src=\"https:\/\/diter.com\/wp-content\/uploads\/2025\/01\/IMG_2488_n.png\" alt=\"\" class=\"wp-image-6475\" style=\"width:206px;height:auto\" srcset=\"https:\/\/diter.com\/wp-content\/uploads\/2025\/01\/IMG_2488_n.png 250w, https:\/\/diter.com\/wp-content\/uploads\/2025\/01\/IMG_2488_n-212x300.png 212w, https:\/\/diter.com\/wp-content\/uploads\/2025\/01\/IMG_2488_n-8x12.png 8w\" sizes=\"auto, (max-width: 250px) 100vw, 250px\" \/><\/a><\/figure>\n<\/div>\n\n\n<p>Parhaan terapeuttisen tehon saavuttamiseksi veren vetypitoisuuden tulisi saavuttaa 2,0 %. Sek\u00e4 pre-kliinisist\u00e4 ett\u00e4 kliinisist\u00e4 tutkimuksista saatujen tulosten mukaan t\u00e4m\u00e4 pitoisuus on yhdistetty positiivisiin terapeuttisiin vaikutuksiin monissa aivoinfarktin, syd\u00e4ninfarktin ja kardiopulmonaalipys\u00e4hdysoireyhtym\u00e4n tapauksissa. On eritt\u00e4in t\u00e4rke\u00e4\u00e4 hengitt\u00e4\u00e4 oikea m\u00e4\u00e4r\u00e4 vety\u00e4, sill\u00e4 sek\u00e4 riitt\u00e4m\u00e4tt\u00f6m\u00e4t ett\u00e4 liialliset m\u00e4\u00e4r\u00e4t voivat vaikuttaa hoidon tehoon.<\/p>\n\n\n\n<p>Diterin tarjoamissa vetyterapiahoidoissa k\u00e4ytet\u00e4\u00e4n japanilaisen vetyteknologian edell\u00e4k\u00e4vij\u00e4n&nbsp;<a href=\"https:\/\/doctorsman-global.com\/product\/hydrogen-gas-inhaler\/\" target=\"_blank\" rel=\"noopener\">Doctors Manin huippulaadukasta H2JI1-laitetta<\/a>, jotka on suunniteltu yll\u00e4pit\u00e4m\u00e4\u00e4n veren vetypitoisuutta 2,0-2,5 %:ssa jopa pitk\u00e4aikaisen jatkuvan sis\u00e4\u00e4nhengityksen aikana [5]. Monien saatavilla olevien vetyhengityslaitteiden joukossa t\u00e4m\u00e4 on ainoa tuote, jolla on dokumentoituja todisteita veren tavoitevetypitoisuuden saavuttamisesta. H2JI1 saavuttaa tavoitepitoisuuden veress\u00e4 noin 10 minuutissa hengitysjakson aikana. Se on ensimm\u00e4inen tuote maailmassa, jonka on raportoitu nostavan veren vetypitoisuutta terapeuttiselle tasolle, kuten julkaistussa tutkimuksessa on dokumentoitu [5].<\/p>\n<p>Diter Oy toimii Doctors Manin vetyterapialaitteiden valtuutettuna j\u00e4lleenmyyj\u00e4n\u00e4 Suomessa. Olethan yhteydess\u00e4, jos olet kiinnostunut hankkimaan Doctors Manin vetyhengityslaitteen esimerkiksi terveydenhuoltoyksik\u00f6llesi, hoitolallesi, yrityksellesi, seurallesi, jne. Teemme mielell\u00e4mme tarjouksen laitteesta. Myymme lis\u00e4ksi kotik\u00e4ytt\u00f6\u00f6n tarkoitettua <a href=\"https:\/\/doctorsman-global.com\/product\/plus-h\/?post_id=22\" target=\"_blank\" rel=\"noopener\">Doctors Manin Mariage-vetyvesilaitetta<\/a>.<\/p>\n<p>Myyt\u00e4vist\u00e4 vetyterapialaitteista saat lis\u00e4tietoja my\u00f6s omasta verkkokaupastamme: <a href=\"https:\/\/shop.diter.com\/product\/h2ji1\/\" target=\"_blank\" rel=\"noopener\">H2JI1-vetyterapialaite<\/a> ja <a href=\"https:\/\/shop.diter.com\/product\/Mariage\/\" target=\"_blank\" rel=\"noopener\">Mariage-vetyvesilaite<\/a>.<\/p>\n\n\n\n<hr class=\"wp-block-separator has-alpha-channel-opacity\"\/>\n\n\n\n<h3>L\u00c4HTEET JA MUITA AIHEESEEN LIITTYVI\u00c4 JULKAISUJA<\/h3>\n<div class=\"bibliography-container ng-star-inserted\">\n<p>1. Johnsen, Hennie M., Marianne Hiorth, and Jo Klaveness. &#8221;Molecular Hydrogen Therapy\u2014a Review on Clinical Studies and Outcomes.&#8221; <i>Molecules<\/i> 28, no. 23. (2023). <a href=\"https:\/\/doi.org\/10.3390\/molecules28237785\" target=\"_blank\" rel=\"noopener\">https:\/\/doi.org\/10.3390\/molecules28237785<\/a>.<\/p>\n<p>2. Ohsawa, I., M. Ishikawa, K. Takahashi, M. Watanabe, K. Nishimaki, K. Yamagata, K. Katsura<i>, et al.<\/i> &#8221;Hydrogen Acts as a Therapeutic Antioxidant by Selectively Reducing Cytotoxic Oxygen Radicals.&#8221; [In eng]. <i>Nat Med <\/i>13, no. 6 (Jun 2007): 688-94. <a href=\"https:\/\/doi.org\/10.1038\/nm1577\" target=\"_blank\" rel=\"noopener\">https:\/\/doi.org\/10.1038\/nm1577<\/a>.<\/p>\n<p>3. Wang, S. T., C. Bao, Y. He, X. Tian, Y. Yang, T. Zhang, and K. F. Xu. &#8221;Hydrogen Gas (Xen) Inhalation Ameliorates Airway Inflammation in Asthma and Copd Patients.&#8221; [In eng]. <i>Qjm <\/i>113, no. 12 (Dec 1 2020): 870-75. <a href=\"https:\/\/doi.org\/10.1093\/qjmed\/hcaa164\" target=\"_blank\" rel=\"noopener\">https:\/\/doi.org\/10.1093\/qjmed\/hcaa164<\/a>.<\/p>\n<p>4. Zheng, Z. G., W. Z. Sun, J. Y. Hu, Z. J. Jie, J. F. Xu, J. Cao, Y. L. Song<i>, et al.<\/i> &#8221;Hydrogen\/Oxygen Therapy for the Treatment of an Acute Exacerbation of Chronic Obstructive Pulmonary Disease: Results of a Multicenter, Randomized, Double-Blind, Parallel-Group Controlled Trial.&#8221; [In eng]. <i>Respir Res <\/i>22, no. 1 (May 13 2021): 149. <a href=\"https:\/\/doi.org\/10.1186\/s12931-021-01740-w\" target=\"_blank\" rel=\"noopener\">https:\/\/doi.org\/10.1186\/s12931-021-01740-w<\/a>.<\/p>\n<p>5. Sano, M., K. Shirakawa, Y. Katsumata, G. Ichihara, and E. Kobayashi. &#8221;Low-Flow Nasal Cannula Hydrogen Therapy.&#8221; [In eng]. <i>J Clin Med Res <\/i>12, no. 10 (Oct 2020): 674-80. <a href=\"https:\/\/doi.org\/10.14740\/jocmr4323\" target=\"_blank\" rel=\"noopener\">https:\/\/doi.org\/10.14740\/jocmr4323<\/a>.<\/p>\n<p>6. Matei, N., R. Camara, and J. H. Zhang. &#8221;Emerging Mechanisms and Novel Applications of Hydrogen Gas Therapy.&#8221; [In eng]. <i>Med Gas Res <\/i>8, no. 3 (Jul-Sep 2018): 98-102. <a href=\"https:\/\/doi.org\/10.4103\/2045-9912.239959\" target=\"_blank\" rel=\"noopener\">https:\/\/doi.org\/10.4103\/2045-9912.239959<\/a>.<\/p>\n<p>7. Ichihara, Genki, Yoshinori Katsumata, Hidenori Moriyama, Hiroki Kitakata, Akeo Hirai, Mizuki Momoi, Seien Ko<i>, et al.<\/i> &#8221;Pharmacokinetics of Hydrogen after Ingesting a Hydrogen-Rich Solution: A Study in Pigs.&#8221; <i>Heliyon <\/i>7, no. 11 (2021\/11\/01\/ 2021): e08359. https:\/\/doi.org\/https:\/\/doi.org\/10.1016\/j.heliyon.2021.e08359.<a href=\"https:\/\/www.sciencedirect.com\/science\/article\/pii\/S2405844021024622\" target=\"_blank\" rel=\"noopener\"> https:\/\/www.sciencedirect.com\/science\/article\/pii\/S2405844021024622<\/a><\/p>\n<p>8. Mohd Noor, M. N. Z., Alauddin, A. S., Wong, Y. H., Looi, C. Y., Wong, E. H., Madhavan, P., &amp; Yeong, C. H. (2023). A Systematic Review of Molecular Hydrogen Therapy in Cancer Management. <i>Asian Pacific journal of cancer prevention : APJCP<\/i>, <i>24<\/i>(1), 37\u201347. <a href=\"https:\/\/doi.org\/10.31557\/APJCP.2023.24.1.37\" target=\"_blank\" rel=\"noopener\">https:\/\/doi.org\/10.31557\/APJCP.2023.24.1.37<\/a><\/p>\n<p>9. Shirakawa, K., Kobayashi, E., Ichihara, G., Kitakata, H., Katsumata, Y., Sugai, K.,\u2026Sano, M. (2022). H2 Inhibits the Formation of Neutrophil Extracellular Traps. <i>JACC: Basic to Translational Science<\/i>,<i> 7<\/i>(2), 146-161. <a href=\"https:\/\/doi.org\/10.1016\/j.jacbts.2021.11.005\" target=\"_blank\" rel=\"noopener\">https:\/\/doi.org\/10.1016\/j.jacbts.2021.11.005<\/a><\/p>\n<p>10. Motoaki, S., &amp; Tomoyoshi, T. (2021). Hydrogen Gas Therapy: From Preclinical Studies to Clinical Trials. <i>Current Pharmaceutical Design<\/i>,<i> 27<\/i>(5), 650-658. <a href=\"https:\/\/doi.org\/http:\/\/dx.doi.org\/10.2174\/1381612826666201221150857\" target=\"_blank\" rel=\"noopener\">https:\/\/doi.org\/http:\/\/dx.doi.org\/10.2174\/1381612826666201221150857<\/a><\/p>\n<p>11. Dhillon, Gagandeep, Venkata Buddhavarapu, Harpreet Grewal, Pranjal Sharma, Ram K. Verma, Ripudaman Munjal, Ramprakash Devadoss, and Rahul Kashyap. &#8221;Hydrogen Water: Extra Healthy or a Hoax?\u2014a Systematic Review.&#8221; <i>International Journal of Molecular Sciences<\/i> 25, no. 2. (2024). <a href=\"https:\/\/doi.org\/10.3390\/ijms25020973\" target=\"_blank\" rel=\"noopener\">https:\/\/doi.org\/10.3390\/ijms25020973<\/a><\/p>\n<p>12. Spulber, S., K. Edoff, L. Hong, S. Morisawa, S. Shirahata, and S. Ceccatelli. &#8221;Molecular Hydrogen Reduces Lps-Induced Neuroinflammation and Promotes Recovery from Sickness Behaviour in Mice.&#8221; [In eng]. <i>PLoS One <\/i>7, no. 7 (2012): e42078.<a href=\"https:\/\/doi.org\/10.1371\/journal.pone.0042078\" target=\"_blank\" rel=\"noopener\"> https:\/\/doi.org\/10.1371\/journal.pone.0042078<\/a>.<\/p>\n<\/div>\n<hr \/>\n<p>\u00a0<\/p>\n","protected":false},"excerpt":{"rendered":"<p>Uusi hoitomuoto Diter hoitovalikoimassa alkuvuodesta 2025! Vetyhengitys on kliinisesti tutkittu, tehokas ja turvallinen hoitomuoto muun muuassa &#8211; keuhko- ja hengitysongelmiin &#8211; kehon tulehdustilojen ja oksidatiivisen stressin v\u00e4hent\u00e4miseen &#8211; suorituskyvyn tehostamiseen urheilusuorituksissa &#8211; palautumiseen &#8211; yleisen vireystilan parantamiseen ja &#8211; hyvinvoinnin &hellip; <a href=\"https:\/\/diter.com\/en\/vetyhengitys-ja-terapia\/\">Continued<\/a><\/p>","protected":false},"author":4,"featured_media":0,"parent":0,"menu_order":0,"comment_status":"closed","ping_status":"closed","template":"","meta":{"footnotes":""},"class_list":["post-6439","page","type-page","status-publish","hentry"],"_links":{"self":[{"href":"https:\/\/diter.com\/en\/wp-json\/wp\/v2\/pages\/6439","targetHints":{"allow":["GET"]}}],"collection":[{"href":"https:\/\/diter.com\/en\/wp-json\/wp\/v2\/pages"}],"about":[{"href":"https:\/\/diter.com\/en\/wp-json\/wp\/v2\/types\/page"}],"author":[{"embeddable":true,"href":"https:\/\/diter.com\/en\/wp-json\/wp\/v2\/users\/4"}],"replies":[{"embeddable":true,"href":"https:\/\/diter.com\/en\/wp-json\/wp\/v2\/comments?post=6439"}],"version-history":[{"count":36,"href":"https:\/\/diter.com\/en\/wp-json\/wp\/v2\/pages\/6439\/revisions"}],"predecessor-version":[{"id":6509,"href":"https:\/\/diter.com\/en\/wp-json\/wp\/v2\/pages\/6439\/revisions\/6509"}],"wp:attachment":[{"href":"https:\/\/diter.com\/en\/wp-json\/wp\/v2\/media?parent=6439"}],"curies":[{"name":"wp","href":"https:\/\/api.w.org\/{rel}","templated":true}]}}