{"id":6385,"date":"2024-07-14T16:07:04","date_gmt":"2024-07-14T13:07:04","guid":{"rendered":"https:\/\/diter.com\/?page_id=6385"},"modified":"2024-08-09T15:59:19","modified_gmt":"2024-08-09T12:59:19","slug":"laitehoidot","status":"publish","type":"page","link":"https:\/\/diter.com\/en\/laitehoidot\/","title":{"rendered":"Implementation of electrophysical modalities and treatment indications"},"content":{"rendered":"<p><img loading=\"lazy\" decoding=\"async\" class=\"alignright wp-image-4530 size-medium\" src=\"https:\/\/diter.com\/wp-content\/uploads\/2020\/06\/Diter-6-scaled-e1591870969203-300x188.jpg\" alt=\"\" width=\"300\" height=\"188\" srcset=\"https:\/\/diter.com\/wp-content\/uploads\/2020\/06\/Diter-6-scaled-e1591870969203-300x188.jpg 300w, https:\/\/diter.com\/wp-content\/uploads\/2020\/06\/Diter-6-scaled-e1591870969203-600x376.jpg 600w, https:\/\/diter.com\/wp-content\/uploads\/2020\/06\/Diter-6-scaled-e1591870969203-1024x641.jpg 1024w, https:\/\/diter.com\/wp-content\/uploads\/2020\/06\/Diter-6-scaled-e1591870969203-768x481.jpg 768w, https:\/\/diter.com\/wp-content\/uploads\/2020\/06\/Diter-6-scaled-e1591870969203-1536x962.jpg 1536w, https:\/\/diter.com\/wp-content\/uploads\/2020\/06\/Diter-6-scaled-e1591870969203-80x50.jpg 80w, https:\/\/diter.com\/wp-content\/uploads\/2020\/06\/Diter-6-scaled-e1591870969203.jpg 1952w\" sizes=\"auto, (max-width: 300px) 100vw, 300px\" \/>Diter Oy has manufactured devices intended for electrophysical modalities and developed treatment methods and protocols since 1976. Electrophysical modalities may provide help and relief for a variety of musculoskeletal problems. The aim of the treatments is to relieve pain and promote the restoration of functional capacity. Treatments are given as a series of several sessions, in which the aim is to carry out the treatments daily.<\/p>\n<p>In 2011\u20132020, Diter\/Diter Fysio did a follow-up of the number of treatments administered for different treatment areas and diagnoses. The follow-up included 1,096 participants who had sought an appointment with a physiotherapist on their own initiative due to their ailment.<\/p>\n<hr \/>\n<h3>Treatments<\/h3>\n<p>Of the electrophysical modalities, three-period monophase modulated current was used as the primary and main treatment during the follow-up period. In some cases, other forms of electric current, laser therapy, ultrasound and magnetic therapy were also used as complementary therapies. The choice of treatment was made on a case-by-case bases based on the diagnosis.<\/p>\n<p class=\"translation-block\">During the treatment period, patients were advised to <strong> avoid exercise therapy, manual therapy, strength training, and anti-inflammatory medications.<\/strong> The goal was to make the treated area pain-free, after which other treatment methods and exercises were introduced, among other things, to prevent recurrence of the condition.<\/p>\n<hr \/>\n<h3>Treatment frequency<\/h3>\n<p class=\"translation-block\">During the follow-up period, the average number of treatment sessions per patient was found to be <strong>5.3<\/strong>, resulting in an average cost of <strong>approximately 240 euros<\/strong> per patient (Table 1, Figures 1\u20132). In terms of time, this means a treatment period lasting approximately one week.<\/p>\n<p><img loading=\"lazy\" decoding=\"async\" class=\"alignnone size-full wp-image-6386\" src=\"https:\/\/diter.com\/wp-content\/uploads\/2024\/07\/Table1.jpg\" alt=\"\" width=\"694\" height=\"363\" srcset=\"https:\/\/diter.com\/wp-content\/uploads\/2024\/07\/Table1.jpg 854w, https:\/\/diter.com\/wp-content\/uploads\/2024\/07\/Table1-300x157.jpg 300w, https:\/\/diter.com\/wp-content\/uploads\/2024\/07\/Table1-768x402.jpg 768w, https:\/\/diter.com\/wp-content\/uploads\/2024\/07\/Table1-18x9.jpg 18w\" sizes=\"auto, (max-width: 694px) 100vw, 694px\" \/><\/p>\n<p><img loading=\"lazy\" decoding=\"async\" class=\"alignnone size-full wp-image-6387\" src=\"https:\/\/diter.com\/wp-content\/uploads\/2024\/07\/Figure1.jpg\" alt=\"\" width=\"504\" height=\"332\" srcset=\"https:\/\/diter.com\/wp-content\/uploads\/2024\/07\/Figure1.jpg 622w, https:\/\/diter.com\/wp-content\/uploads\/2024\/07\/Figure1-300x192.jpg 300w, https:\/\/diter.com\/wp-content\/uploads\/2024\/07\/Figure1-18x12.jpg 18w, https:\/\/diter.com\/wp-content\/uploads\/2024\/07\/Figure1-80x50.jpg 80w\" sizes=\"auto, (max-width: 504px) 100vw, 504px\" \/><\/p>\n<p><img loading=\"lazy\" decoding=\"async\" class=\"alignnone size-full wp-image-6388\" src=\"https:\/\/diter.com\/wp-content\/uploads\/2024\/07\/Figure2.jpg\" alt=\"\" width=\"588\" height=\"370\" srcset=\"https:\/\/diter.com\/wp-content\/uploads\/2024\/07\/Figure2.jpg 804w, https:\/\/diter.com\/wp-content\/uploads\/2024\/07\/Figure2-300x162.jpg 300w, https:\/\/diter.com\/wp-content\/uploads\/2024\/07\/Figure2-768x416.jpg 768w, https:\/\/diter.com\/wp-content\/uploads\/2024\/07\/Figure2-18x10.jpg 18w\" sizes=\"auto, (max-width: 588px) 100vw, 588px\" \/><\/p>\n<p>The treatment targets described above included, among others, the following diagnoses:<\/p>\n<p>- Foot\/heel: plantar fasciitis, apophysitis of the heel bone (Sever's ailment), foot fracture, heel bursitis, nerve compression of the foot (Morton's neuroma)<\/p>\n<p>- Ankle: ankle pain, sprain, fracture<\/p>\n<p>- Achilles tendon: inflammation<\/p>\n<p>- Shin: lower leg compartment syndrome<\/p>\n<p>- Knee: Osgood-Schlatter disease, jumper's knee, Baker's cyst, runner's knee<\/p>\n<p>- Thigh: muscle spasm, pain, contusion, muscle tear, wooden leg, fracture<\/p>\n<p>- Hip: pain, bursitis, piriformis syndrome, ischial tuberosity pain<\/p>\n<p>- Back: lower back pain, SI joint pain, quadratus lumborum pain, herniated disc<\/p>\n<p>- Neck: various neck-shoulder pain conditions<\/p>\n<p>- Shoulder: tendonitis (infraspinatus, supraspinatus)<\/p>\n<p>- Elbow\/wrist: tendonitis (lateral\/medial epicondylitis i.e. tennis\/golfer's elbow), wrist pain<\/p>\n<hr \/>\n<h3>Post-treatment<\/h3>\n<p>There was no need to repeat the treatment series for the same condition during the follow-up period.<\/p>\n<hr \/>\n<h3>Benefits of electrophysical modalities<\/h3>\n<h5>Electrophysical modalities enable a drug-free treatment option for musculoskeletal problems that may last for several weeks without treatment. The treatment series carried out with electrophysical modalities is short in duration (about a week) and affordable in terms of costs (cf. according to an estimate by the Confederation of Finnish Industries that the average cost of one sick leave day was EUR 370 at the 2021 level). In addition, there are few contraindications to electrophysical modalities, and their side effects are rare and mild.<\/h5>","protected":false},"excerpt":{"rendered":"<p>Diter Oy:ss\u00e4 on valmistettu fysikaalisiin laitehoitoihin tarkoitettuja laitteita ja kehitetty niill\u00e4 annettavia hoitomuotoja ja -menetelmi\u00e4 vuodesta 1976 l\u00e4htien. Fysikaalisia laitehoitoja voidaan antaa useisiin eri tuki- ja liikuntaelinvaivoihin. Hoitojen tavoitteena on lievitt\u00e4\u00e4 kipua ja edist\u00e4\u00e4 toimintakyvyn palautumista. Hoitoja annetaan useamman hoitokerran &hellip; <a href=\"https:\/\/diter.com\/en\/laitehoidot\/\">Continued<\/a><\/p>","protected":false},"author":4,"featured_media":0,"parent":0,"menu_order":0,"comment_status":"closed","ping_status":"closed","template":"","meta":{"footnotes":""},"class_list":["post-6385","page","type-page","status-publish","hentry"],"_links":{"self":[{"href":"https:\/\/diter.com\/en\/wp-json\/wp\/v2\/pages\/6385","targetHints":{"allow":["GET"]}}],"collection":[{"href":"https:\/\/diter.com\/en\/wp-json\/wp\/v2\/pages"}],"about":[{"href":"https:\/\/diter.com\/en\/wp-json\/wp\/v2\/types\/page"}],"author":[{"embeddable":true,"href":"https:\/\/diter.com\/en\/wp-json\/wp\/v2\/users\/4"}],"replies":[{"embeddable":true,"href":"https:\/\/diter.com\/en\/wp-json\/wp\/v2\/comments?post=6385"}],"version-history":[{"count":9,"href":"https:\/\/diter.com\/en\/wp-json\/wp\/v2\/pages\/6385\/revisions"}],"predecessor-version":[{"id":6419,"href":"https:\/\/diter.com\/en\/wp-json\/wp\/v2\/pages\/6385\/revisions\/6419"}],"wp:attachment":[{"href":"https:\/\/diter.com\/en\/wp-json\/wp\/v2\/media?parent=6385"}],"curies":[{"name":"wp","href":"https:\/\/api.w.org\/{rel}","templated":true}]}}