{"id":562,"date":"2014-07-22T17:44:03","date_gmt":"2014-07-22T14:44:03","guid":{"rendered":"http:\/\/www.diter.com\/www\/products\/beauty\/pigmentointi"},"modified":"2023-09-21T14:00:43","modified_gmt":"2023-09-21T11:00:43","slug":"pigmentation","status":"publish","type":"page","link":"https:\/\/diter.com\/en\/pigmentation\/","title":{"rendered":"Permanent Make-Up"},"content":{"rendered":"<div id=\"pl-562\"  class=\"panel-layout\" ><div id=\"pg-562-0\"  class=\"panel-grid panel-no-style\" ><div id=\"pgc-562-0-0\"  class=\"panel-grid-cell\" ><div id=\"panel-562-0-0-0\" class=\"so-panel widget widget_nav_menu panel-first-child\" data-index=\"0\" ><h3 class=\"widget-title\">Beauty treaments<\/h3><ul id=\"menu-kauneus\" class=\"menu\"><li  class=\"menu-item-167\"><a href=\"https:\/\/diter.com\/en\/laitteet\/kotimaiset_laitteet\/kauneudenhoito\/ultraaani_-_imeytys\/\"><span>Ultrasound - absorption<\/span><\/a><\/li>\n<li  class=\"menu-item-1527\"><a href=\"https:\/\/diter.com\/en\/laitteet\/kotimaiset_laitteet\/kauneudenhoito\/ultraaani_-_puhdistus\/\"><span>Ultrasound - cleansing<\/span><\/a><\/li>\n<li  class=\"menu-item-168\"><a href=\"https:\/\/diter.com\/en\/laitteet\/kotimaiset_laitteet\/kauneudenhoito\/yhdistelmalaitteet\/\"><span>Combination treatments<\/span><\/a><\/li>\n<li  class=\"menu-item-169\"><a href=\"https:\/\/diter.com\/en\/laitteet\/kotimaiset_laitteet\/kauneudenhoito\/laser\/\"><span>Soft Laser<\/span><\/a><\/li>\n<li  class=\"menu-item-171\"><a href=\"https:\/\/diter.com\/en\/laitteet\/kotimaiset_laitteet\/kauneudenhoito\/radiofrekvenssi\/\"><span>Radio frequency<\/span><\/a><\/li>\n<li  class=\"menu-item-175\"><a href=\"https:\/\/diter.com\/en\/laitteet\/kotimaiset_laitteet\/kauneudenhoito\/timanttikuorinta\/\"><span>Diamond peel<\/span><\/a><\/li>\n<li  class=\"menu-item-174\"><a href=\"https:\/\/diter.com\/en\/?page_id=93\"><span>Pigmentointi &#038; Mikroneulaus<\/span><\/a><\/li>\n<li  class=\"menu-item-170\"><a href=\"https:\/\/diter.com\/en\/laitteet\/kotimaiset_laitteet\/kauneudenhoito\/kavitaatio\/\"><span>Cavitation<\/span><\/a><\/li>\n<li  class=\"menu-item-176\"><a href=\"https:\/\/diter.com\/en\/laitteet\/kotimaiset_laitteet\/kauneudenhoito\/lymfa\/\"><span>Lymfahoidot<\/span><\/a><\/li>\n<li  class=\"menu-item-1620\"><a href=\"https:\/\/diter.com\/en\/bodysculptor\/\"><span>Vartalonmuokkaus<\/span><\/a><\/li>\n<li  class=\"menu-item-172\"><a href=\"https:\/\/diter.com\/en\/laitteet\/valoimpulssi_ja_anti-age\/\"><span>Valoimpulssilaitteet<\/span><\/a><\/li>\n<li  class=\"menu-item-1619\"><a href=\"https:\/\/diter.com\/en\/laitteet\/fysra-production\/\"><span>Hoitotuolit<\/span><\/a><\/li>\n<li  class=\"menu-item-3416\"><a href=\"https:\/\/diter.com\/en\/laitteet\/kotimaiset_laitteet\/kauneudenhoito\/ips\/\"><span>I.P.S. films<\/span><\/a><\/li>\n<\/ul><\/div><div id=\"panel-562-0-0-1\" class=\"so-panel widget widget_nav_menu panel-last-child\" data-index=\"1\" ><h3 class=\"widget-title\">Tuotteet<\/h3><ul id=\"menu-tuotteet\" class=\"menu\"><li  class=\"menu-item-120\"><a href=\"https:\/\/diter.com\/en\/lisatarvikkeet\/\"><span>Accessories<\/span><\/a><\/li>\n<li  class=\"menu-item-124\"><a href=\"https:\/\/diter.com\/en\/?page_id=67\"><span>Physiotherapy<\/span><\/a><\/li>\n<li  class=\"menu-item-122\"><a href=\"https:\/\/diter.com\/en\/laitteet\/isokineettinen\/\"><span>Isokinetic<\/span><\/a><\/li>\n<li  class=\"menu-item-123\"><a href=\"https:\/\/diter.com\/en\/laitteet\/kotimaiset_laitteet\/kauneudenhoito\/\"><span>Beauty treaments<\/span><\/a><\/li>\n<li  class=\"menu-item-121\"><a href=\"https:\/\/diter.com\/en\/laitteet\/kotikayttoon\/\"><span>Home use devices<\/span><\/a><\/li>\n<\/ul><\/div><\/div><div id=\"pgc-562-0-1\"  class=\"panel-grid-cell\" ><div id=\"panel-562-0-1-0\" class=\"so-panel widget widget_black-studio-tinymce widget_black_studio_tinymce panel-first-child panel-last-child\" data-index=\"2\" ><h3 class=\"widget-title\">Ditelle Eve<\/h3><div class=\"textwidget\"><p><a href=\"https:\/\/diter.com\/wp-content\/uploads\/2014\/07\/eve_eikyn\u00e4\u00e4-copy.jpg\"><img loading=\"lazy\" decoding=\"async\" class=\"alignnone  wp-image-913\" src=\"https:\/\/diter.com\/wp-content\/uploads\/2014\/07\/eve_eikyn\u00e4\u00e4-copy-292x300.jpg\" alt=\"eve_eikyn\u00e4\u00e4 copy\" width=\"270\" height=\"277\" \/><\/a><\/p><\/div><\/div><\/div><\/div><\/div>","protected":false},"excerpt":{"rendered":"<p>KauneudenhoitoUltra\u00e4\u00e4ni &#8211; imeytys Ultra\u00e4\u00e4ni &#8211; puhdistus Yhdistelm\u00e4laitteet Soft Laser Radiofrekvenssi Timanttikuorinta Pigmentointi &#038; Mikroneulaus Kavitaatio Lymfahoidot Vartalonmuokkaus Valoimpulssilaitteet Hoitotuolit Havainnointikalvot TuotteetLis\u00e4tarvikkeet Fysioterapia Isokineettinen Kauneudenhoito Laitteet kotik\u00e4ytt\u00f6\u00f6n Ditelle Eve<\/p>","protected":false},"author":2,"featured_media":0,"parent":0,"menu_order":9,"comment_status":"closed","ping_status":"closed","template":"page-fullwidth.php","meta":{"footnotes":""},"class_list":["post-562","page","type-page","status-publish","hentry"],"_links":{"self":[{"href":"https:\/\/diter.com\/en\/wp-json\/wp\/v2\/pages\/562","targetHints":{"allow":["GET"]}}],"collection":[{"href":"https:\/\/diter.com\/en\/wp-json\/wp\/v2\/pages"}],"about":[{"href":"https:\/\/diter.com\/en\/wp-json\/wp\/v2\/types\/page"}],"author":[{"embeddable":true,"href":"https:\/\/diter.com\/en\/wp-json\/wp\/v2\/users\/2"}],"replies":[{"embeddable":true,"href":"https:\/\/diter.com\/en\/wp-json\/wp\/v2\/comments?post=562"}],"version-history":[{"count":8,"href":"https:\/\/diter.com\/en\/wp-json\/wp\/v2\/pages\/562\/revisions"}],"predecessor-version":[{"id":6159,"href":"https:\/\/diter.com\/en\/wp-json\/wp\/v2\/pages\/562\/revisions\/6159"}],"wp:attachment":[{"href":"https:\/\/diter.com\/en\/wp-json\/wp\/v2\/media?parent=562"}],"curies":[{"name":"wp","href":"https:\/\/api.w.org\/{rel}","templated":true}]}}