{"id":55,"date":"2014-07-22T11:18:39","date_gmt":"2014-07-22T08:18:39","guid":{"rendered":"http:\/\/www.diter.com\/diter2014\/?page_id=55"},"modified":"2026-01-15T11:31:27","modified_gmt":"2026-01-15T09:31:27","slug":"toimitusehdot","status":"publish","type":"page","link":"https:\/\/diter.com\/en\/toimitusehdot\/","title":{"rendered":"Terms of delivery"},"content":{"rendered":"<div id=\"pl-55\"  class=\"panel-layout\" ><div id=\"pg-55-0\"  class=\"panel-grid panel-no-style\" ><div id=\"pgc-55-0-0\"  class=\"panel-grid-cell\" ><div id=\"panel-55-0-0-0\" class=\"so-panel widget widget_black-studio-tinymce widget_black_studio_tinymce panel-first-child\" data-index=\"0\" ><h3 class=\"widget-title\">General<\/h3><div class=\"textwidget\"><p>The D-line and Ditelle devices we manufacture are mainly intended for professionals and students in the field. The users of the devices must have basic health education.<br \/>\nThe purchased device includes device-specific user training at Diter Oy's premises. Additional trainings and trainings held at the customer's premises are charged separately.<\/p>\n<p>The devices are supplied with instructions for use in Finnish and the necessary accessories.<\/p>\n<p>When you buy a device for home use, you have the option of free user guidance at our premises.<\/p>\n<p>For the devices and cosmetic products we import, the user manuals and product cards are available in Finnish and English. The INCI lists of professional cosmetics and consumer products can be found directly on the product packaging, which shows the active ingredients and purpose of use.<\/p>\n<\/div><\/div><div id=\"panel-55-0-0-1\" class=\"so-panel widget widget_black-studio-tinymce widget_black_studio_tinymce\" data-index=\"1\" ><h3 class=\"widget-title\">Product information<\/h3><div class=\"textwidget\"><p><strong>D-line and Ditelle-<\/strong>are manufactured and services at our premises.<\/p><\/div><\/div><div id=\"panel-55-0-0-2\" class=\"so-panel widget widget_black-studio-tinymce widget_black_studio_tinymce\" data-index=\"2\" ><h3 class=\"widget-title\">Warranty<\/h3><div class=\"textwidget\"><p>All the devices we manufacture have a warranty issued by Diter Oy. The condition for the warranty to be valid is that the product is only used in accordance with the manufacturer's instructions.<br \/>\nIf a fault appears in the product you have purchased during the warranty period, you should contact our warranty service immediately.<br \/>\nThe warranty period for resale devices and products  depends on the manufacturer.<\/p>\n<\/div><\/div><div id=\"panel-55-0-0-3\" class=\"so-panel widget widget_black-studio-tinymce widget_black_studio_tinymce\" data-index=\"3\" ><h3 class=\"widget-title\">Pricing<\/h3><div class=\"textwidget\">Oikeudet hinnanmuutoksiin pid\u00e4tet\u00e4\u00e4n. Hinnoitteluvirhetilanteessa\u00a0on mahdollisuus ilmoittaa asiakkaalle korjattu hinta tai perua asiakkaan tekem\u00e4 tilaus.\nDiter Oy tuotteiden ja laitteiden hinnat sis\u00e4lt\u00e4v\u00e4t alv 25,5 %.<\/div><\/div><div id=\"panel-55-0-0-4\" class=\"so-panel widget widget_black-studio-tinymce widget_black_studio_tinymce\" data-index=\"4\" ><h3 class=\"widget-title\">Ordering<\/h3><div class=\"textwidget\"><p>You can place an order or a request for a quote via our website, by e-mail, by phone or by coming to our company (Hallimestarinkatu 19, Kaarina).<\/p>\n<p>The seller retains ownership of the products until the purchase price has been paid in full.<\/p><\/div><\/div><div id=\"panel-55-0-0-5\" class=\"so-panel widget widget_black-studio-tinymce widget_black_studio_tinymce\" data-index=\"5\" ><h3 class=\"widget-title\">Order pick-up and delivery<\/h3><div class=\"textwidget\"><p>K\u00e4yt\u00e4mme l\u00e4hetyksiss\u00e4 PostNord- rahtipalvelua. Tilaus voidaan l\u00e4hett\u00e4\u00e4 perille toimitettuna tai l\u00e4himp\u00e4\u00e4n noutopisteeseen.<\/p>\n<p>- Rahtipalvelun hinta <strong>Ovelle<\/strong> -pakettina (MyPack Home) <strong>23,00 \u20ac sis. alv 25,5%.<\/strong> Paketin painoraja 1,0 - 31,5 kg<br \/>\n- Palvelun hinta noutopisteeseen (MyPack Collect) <strong>12,00 \u20ac sis. alv 25,5%.<\/strong> Paketin painoraja 0,15 - 20 kg<\/p>\n<p><strong>Pick-up order<\/strong><\/p>\n<p>If you want to send the device and\/or accessories for maintenance, we can place a pick-up order for you through the PostNord service. The pick-up time varies by town and region, but as a rule, the pick-up takes place between 8 a.m. and 5 p.m.<br \/>\nFor a pick-up order, we need to the following information in advance:<\/p>\n<p>- contact persons name, phone number and email address<br \/>\n- pick-up address<br \/>\n- weight of the package<\/p>\n<p>Once the information has been sent to us by email, we will make a pick-up order for the package. We receive shipping documents from the pick-up order, which we send to the e-mail address provided by the customer.<br \/>\nThe return address label must be printed and taped\/glued on the package to a visible place so that the barcode can be read. After this, the package is ready for pickup.<\/p>\n<p>The device and\/or accessories can also be delivered to us for maintenance by postal mail <strong>The price is determined according to the weight of the package.<\/strong><br \/>\ntai vaihtoehtoisesti tuoda laitteen henkil\u00f6kohtaisesti aukioloaikojen mukaan. Mik\u00e4li toimitus l\u00e4hetet\u00e4\u00e4n jakelukeskukseen, perimme l\u00e4hetyksen my\u00f6t\u00e4 meille aiheutuneet kuljetus- ja selvityskulut <strong>10,40 \u20ac sis alv 25,5%<\/strong> asiakkaalta.<\/p>\n<p>Delivery costs are always added to the price unless agreed otherwise.<\/p>\n<p><strong>Unclaimed package<\/strong><\/p>\n<p>Jos pakettiasi ei noudeta ajoissa, perimme asiakkaalta <strong>23,00 \u20ac sis. alv 25,5%<\/strong>, jolla korvataan k\u00e4sittelykustannuksemme.<\/p>\n<\/div><\/div><div id=\"panel-55-0-0-6\" class=\"so-panel widget widget_black-studio-tinymce widget_black_studio_tinymce panel-last-child\" data-index=\"6\" ><h3 class=\"widget-title\">Delivery time<\/h3><div class=\"textwidget\"><p>Small products are delivered within 1-3 business days of the order, if they are in stock.<br \/>\nThe delivery time for the devices is 1-2 weeks. This delivery time does not apply to resale devices or products.<\/p>\n<p>If the delivery is delayed, we try to notify the customer as soon as possible either by email or by phone. Diter Oy is not responsible for possible delivery delays by Itella\/Matkahuolto or other shipping companies.<\/p>\n<\/div><\/div><\/div><\/div><\/div>","protected":false},"excerpt":{"rendered":"<p>The D-line and Ditelle devices we manufacture are mainly intended for professionals and students in the field. The users of the devices must have basic health education. The purchased device includes device-specific user training at Diter Oy's premises. Additional trainings and trainings held at the customer's premises are charged separately. The devices are delivered with Finnish user manuals and... <a href=\"https:\/\/diter.com\/en\/toimitusehdot\/\">Continued<\/a><\/p>","protected":false},"author":2,"featured_media":0,"parent":0,"menu_order":15,"comment_status":"closed","ping_status":"closed","template":"page-fullwidth.php","meta":{"footnotes":""},"class_list":["post-55","page","type-page","status-publish","hentry"],"_links":{"self":[{"href":"https:\/\/diter.com\/en\/wp-json\/wp\/v2\/pages\/55","targetHints":{"allow":["GET"]}}],"collection":[{"href":"https:\/\/diter.com\/en\/wp-json\/wp\/v2\/pages"}],"about":[{"href":"https:\/\/diter.com\/en\/wp-json\/wp\/v2\/types\/page"}],"author":[{"embeddable":true,"href":"https:\/\/diter.com\/en\/wp-json\/wp\/v2\/users\/2"}],"replies":[{"embeddable":true,"href":"https:\/\/diter.com\/en\/wp-json\/wp\/v2\/comments?post=55"}],"version-history":[{"count":34,"href":"https:\/\/diter.com\/en\/wp-json\/wp\/v2\/pages\/55\/revisions"}],"predecessor-version":[{"id":6533,"href":"https:\/\/diter.com\/en\/wp-json\/wp\/v2\/pages\/55\/revisions\/6533"}],"wp:attachment":[{"href":"https:\/\/diter.com\/en\/wp-json\/wp\/v2\/media?parent=55"}],"curies":[{"name":"wp","href":"https:\/\/api.w.org\/{rel}","templated":true}]}}