{"id":5423,"date":"2023-01-17T16:15:16","date_gmt":"2023-01-17T14:15:16","guid":{"rendered":"https:\/\/diter.com\/?page_id=5423"},"modified":"2023-01-17T16:17:03","modified_gmt":"2023-01-17T14:17:03","slug":"ditelle-100","status":"publish","type":"page","link":"https:\/\/diter.com\/en\/laitteet\/kotimaiset_laitteet\/kauneudenhoito\/ultraaani_-_imeytys\/ditelle-100\/","title":{"rendered":"3- taajuus ultra\u00e4\u00e4nihoitolaite"},"content":{"rendered":"<div id=\"pl-5423\"  class=\"panel-layout\" ><div id=\"pg-5423-0\"  class=\"panel-grid panel-no-style\" ><div id=\"pgc-5423-0-0\"  class=\"panel-grid-cell\" ><div id=\"panel-5423-0-0-0\" class=\"so-panel widget widget_black-studio-tinymce widget_black_studio_tinymce panel-first-child panel-last-child\" data-index=\"0\" ><h3 class=\"widget-title\">Ditelle 100 <\/h3><div class=\"textwidget\"><p><img loading=\"lazy\" decoding=\"async\" class=\"alignnone wp-image-1726 size-medium\" src=\"https:\/\/diter.com\/wp-content\/uploads\/2014\/07\/D1-Ultra-300x199.jpg\" alt=\"3 taajuus ultra\u00e4\u00e4nilaite\" width=\"300\" height=\"199\" \/><\/p>\n<p><strong>\u2022 ULTRA\u00c4\u00c4NIHOIDOT KASVOILLE JA VARTALOLLE<\/strong><br \/>\n<strong>\u2022\u00a0ISO SELKE\u00c4 N\u00c4YTT\u00d6<\/strong><br \/>\n<strong>\u2022 KAKSI HOITOP\u00c4\u00c4T\u00c4<\/strong><br \/>\n<strong>\u2022 VOIDAAN YHDIST\u00c4\u00c4 DITELLE S\u00c4HK\u00d6HOITOLAITTEESEEN<\/strong><br \/>\n<strong>\u2022 KOLMITAAJUINEN<\/strong><br \/>\n<strong> - TAAJUUS VALITTAVISSA KUDOKSEN SYVYYDEN MUKAAN<\/strong><\/p>\n<p>&nbsp;<\/p>\n<p><div class=\"su-spoiler su-spoiler-style-default su-spoiler-icon-plus su-spoiler-closed\" data-scroll-offset=\"0\" data-anchor-in-url=\"no\"><div class=\"su-spoiler-title\" tabindex=\"0\" role=\"button\"><span class=\"su-spoiler-icon\"><\/span>Read more...<\/div><div class=\"su-spoiler-content su-u-clearfix su-u-trim\"><br \/>\nDitelle 100 -laitteen ultra\u00e4\u00e4nitaajuudet ovat 1 MHz, 2 MHz ja 3 MHz. Taajuuden valinta tehd\u00e4\u00e4n aina kudostyypin\/hoidettavan alueen mukaan, jolloin saadaan paras tulos ja turvallinen hoito. Ultra\u00e4\u00e4nienergia saadaan kohdistettua juuri haluttuun syvyyteen. Ultra\u00e4\u00e4nihoidoissa ultra\u00e4\u00e4nienergia tunkeutuu kudokseen ja sen ansiosta solukalvojen l\u00e4p\u00e4isevyys lis\u00e4\u00e4ntyy huomattavasti, jolloin aineiden kulkeutuminen niiden l\u00e4pi helpottuu ja nopeutuu (esim. rasva-aineenvaihdunta). Antotehosta riippuen saadaan kudosl\u00e4mp\u00f6tila nousemaan, jolloin verenkierto vilkastuu ja kollageenis\u00e4ikeiden joustavuus kudoksessa lis\u00e4\u00e4ntyy.<br \/>\n\u2022 Eritt\u00e4in miellytt\u00e4v\u00e4t ultra\u00e4\u00e4nihoidot sopivat kaikille ihotyypeille ja vaikutus n\u00e4kyy v\u00e4litt\u00f6m\u00e4sti.<br \/>\n\u2022 Absorboituessaan ultra\u00e4\u00e4ni aiheuttaa l\u00e4mp\u00f6vaikutuksen.<br \/>\n\u2022 Ultra\u00e4\u00e4nienergialla on kudoksissa monenlaisia ihon ja koko kehon terveytt\u00e4 edist\u00e4vi\u00e4 vaikutuksia.<br \/>\n\u2022 Ultra\u00e4\u00e4ni on tehokas hoitomuoto esimerkiksi aktiiviaineiden imeytyksess\u00e4. (fonoforeesi\/sonoforeesi)<\/div><\/div><\/p>\n<\/div><\/div><\/div><\/div><\/div>","protected":false},"excerpt":{"rendered":"<p>\u2022 ULTRA\u00c4\u00c4NIHOIDOT KASVOILLE JA VARTALOLLE \u2022\u00a0ISO SELKE\u00c4 N\u00c4YTT\u00d6 \u2022 KAKSI HOITOP\u00c4\u00c4T\u00c4 \u2022 VOIDAAN YHDIST\u00c4\u00c4 DITELLE S\u00c4HK\u00d6HOITOLAITTEESEEN \u2022 KOLMITAAJUINEN &#8211; TAAJUUS VALITTAVISSA KUDOKSEN SYVYYDEN MUKAAN &nbsp;<\/p>","protected":false},"author":4,"featured_media":0,"parent":86,"menu_order":0,"comment_status":"closed","ping_status":"closed","template":"page-fullwidth.php","meta":{"footnotes":""},"class_list":["post-5423","page","type-page","status-publish","hentry"],"_links":{"self":[{"href":"https:\/\/diter.com\/en\/wp-json\/wp\/v2\/pages\/5423","targetHints":{"allow":["GET"]}}],"collection":[{"href":"https:\/\/diter.com\/en\/wp-json\/wp\/v2\/pages"}],"about":[{"href":"https:\/\/diter.com\/en\/wp-json\/wp\/v2\/types\/page"}],"author":[{"embeddable":true,"href":"https:\/\/diter.com\/en\/wp-json\/wp\/v2\/users\/4"}],"replies":[{"embeddable":true,"href":"https:\/\/diter.com\/en\/wp-json\/wp\/v2\/comments?post=5423"}],"version-history":[{"count":2,"href":"https:\/\/diter.com\/en\/wp-json\/wp\/v2\/pages\/5423\/revisions"}],"predecessor-version":[{"id":5427,"href":"https:\/\/diter.com\/en\/wp-json\/wp\/v2\/pages\/5423\/revisions\/5427"}],"up":[{"embeddable":true,"href":"https:\/\/diter.com\/en\/wp-json\/wp\/v2\/pages\/86"}],"wp:attachment":[{"href":"https:\/\/diter.com\/en\/wp-json\/wp\/v2\/media?parent=5423"}],"curies":[{"name":"wp","href":"https:\/\/api.w.org\/{rel}","templated":true}]}}