{"id":53,"date":"2014-07-22T11:16:44","date_gmt":"2014-07-22T08:16:44","guid":{"rendered":"http:\/\/www.diter.com\/diter2014\/?page_id=53"},"modified":"2026-03-13T21:18:32","modified_gmt":"2026-03-13T19:18:32","slug":"huolto","status":"publish","type":"page","link":"https:\/\/diter.com\/en\/huolto\/","title":{"rendered":"Maintenance"},"content":{"rendered":"<div id=\"pl-53\"  class=\"panel-layout\" ><div id=\"pg-53-0\"  class=\"panel-grid panel-no-style\" ><div id=\"pgc-53-0-0\"  class=\"panel-grid-cell\" ><div id=\"panel-53-0-0-0\" class=\"so-panel widget widget_black-studio-tinymce widget_black_studio_tinymce panel-first-child\" data-index=\"0\" ><h3 class=\"widget-title\">Huoltomme on avoinna sopimuksen mukaan<\/h3><div class=\"textwidget\"><p>Huoltomme on avoinna arkisin ma - pe sopimuksen mukaan, joten ilmoitathan mahdollisesta laitehuollon tarpeesta etuk\u00e4teen.<\/p>\n<\/div><\/div><div id=\"panel-53-0-0-1\" class=\"so-panel widget widget_black-studio-tinymce widget_black_studio_tinymce\" data-index=\"1\" ><h3 class=\"widget-title\">Are the device or accessories not working properly?<\/h3><div class=\"textwidget\"><p>Do you feel that your device does not work the same as the day before? Don't the output values increase? The treatment doesn't feel the same?<br \/>\n--&gt; Please check our <a href=\"https:\/\/diter.com\/en\/questions-and-answers\/\">Questions and answers<\/a><br \/>\nor call us +358 2 2539 800. There might be a quick fix to the problem \ud83d\ude42<\/p>\n<\/div><\/div><div id=\"panel-53-0-0-2\" class=\"so-panel widget widget_black-studio-tinymce widget_black_studio_tinymce\" data-index=\"2\" ><h3 class=\"widget-title\">Treatment device maintenance<\/h3><div class=\"textwidget\"><p>The Healthcare Equipment and Supplies Act (1505\/94) obliges healthcare units \u2013 both public and private \u2013 and individual practitioners to ensure that healthcare devices are always in working order.<\/p>\n<p>Registration of devices and their maintenance is mandatory. In this way, it is possible to trace the moment when, for example, the accuracy of the device was last checked. According to the law, the devices may only be installed, maintained and repaired by a person with the necessary skills and expertise. The user organizations of the devices must follow the maintenance and calibration instructions given by the manufacturer so that the performance of the device constantly remains within the limits specified by the manufacturer.<\/p><\/div><\/div><div id=\"panel-53-0-0-3\" class=\"so-panel widget widget_black-studio-tinymce widget_black_studio_tinymce\" data-index=\"3\" ><h3 class=\"widget-title\">Service and calibration<\/h3><div class=\"textwidget\"><p>Diter Oy offers maintenance and calibration services for the products it manufactures.<br \/>\nMaintenance activities are part of the certified quality system.<\/p>\n<p>- The measuring devices used are traceably calibrated<br \/>\n- Documented maintenance procedures<br \/>\n- Fast service<br \/>\n- Measurement documents and paid certificate for calibration are available on request<\/p>\n<\/div><\/div><div id=\"panel-53-0-0-4\" class=\"so-panel widget widget_black-studio-tinymce widget_black_studio_tinymce\" data-index=\"4\" ><h3 class=\"widget-title\">Manufacturer's maintenance interval recommendation<\/h3><div class=\"textwidget\"><p>Diter Oy:n elektroterapia- ja ultra\u00e4\u00e4nilaitteiden huolto ja kalibrointi tulisi suorittaa vuoden v\u00e4lein.<\/p>\n<p>Kauneudenhoitoalalla k\u00e4ytett\u00e4vien Ditelle laitteiden huolto- ja kalibrointiv\u00e4liksi suositellaan 1-2 vuotta k\u00e4ytt\u00f6asteen mukaan.<\/p>\n<\/div><\/div><div id=\"panel-53-0-0-5\" class=\"so-panel widget widget_black-studio-tinymce widget_black_studio_tinymce panel-last-child\" data-index=\"5\" ><h3 class=\"widget-title\">Instructions for sending devices for maintenance<\/h3><div class=\"textwidget\"><p>Contact the manufacturer by phone or email before sending the device for maintenance.<\/p>\n<p><strong>Please ensure that your device is insured in case your device\/product is broken or lost during delivery.<\/strong><br \/>\nDiter Oy <span style=\"text-decoration: underline;\"><em>is not responsible<\/em><\/span> for damages caused during shipment.<\/p>\n<p>Pack the device <strong>carefully.<\/strong> Pack also the accessories. NOTE! Especially <strong>ultrasound treatment head(s)<\/strong>, so that those can be calibrated at the same time.<\/p>\n<p>Please send a document with the following information with the device:<\/p>\n<p>- Sender's name<br \/>\n- Sender's shipping and invoicing address<br \/>\n- An explanation of what you want done to the device and whether you want, for example, a free repair estimate before starting the procedures.<br \/>\n- A short written fault report must be included for the devices sent for repair<br \/>\n- Information on when the device should be returned (important e.g. during holidays)<\/p>\n<p><strong>The device should be sent to<\/strong><\/p>\n<p>Diter Oy<br \/>\nHallimestarinkatu 19<br \/>\n20780 Kaarina<\/p>\n<p>If you want us to help with the actual delivery of the device, check out more delivery and pick-up service options. <a href=\"https:\/\/diter.com\/en\/toimitusehdot\/\"><strong>TOIMITUSEHDOT<\/strong><\/a> kohdasta.<\/p>\n<\/div><\/div><\/div><\/div><\/div>","protected":false},"excerpt":{"rendered":"<p>Huoltomme on avoinna arkisin ma &#8211; pe sopimuksen mukaan, joten ilmoitathan mahdollisesta laitehuollon tarpeesta etuk\u00e4teen. Tuntuuko Sinusta, ett\u00e4 laitteesi ei toimi samalla tavalla kuin edellisen\u00e4 p\u00e4iv\u00e4n\u00e4? Eiv\u00e4tk\u00f6 antoarvot nouse? Hoito ei tunnu samalta? &#8211;&gt; Tutustu Kysymykset ja vastaukset osioon tai &hellip; <a href=\"https:\/\/diter.com\/en\/huolto\/\">Continued<\/a><\/p>","protected":false},"author":2,"featured_media":0,"parent":0,"menu_order":15,"comment_status":"closed","ping_status":"closed","template":"page-fullwidth.php","meta":{"footnotes":""},"class_list":["post-53","page","type-page","status-publish","hentry"],"_links":{"self":[{"href":"https:\/\/diter.com\/en\/wp-json\/wp\/v2\/pages\/53","targetHints":{"allow":["GET"]}}],"collection":[{"href":"https:\/\/diter.com\/en\/wp-json\/wp\/v2\/pages"}],"about":[{"href":"https:\/\/diter.com\/en\/wp-json\/wp\/v2\/types\/page"}],"author":[{"embeddable":true,"href":"https:\/\/diter.com\/en\/wp-json\/wp\/v2\/users\/2"}],"replies":[{"embeddable":true,"href":"https:\/\/diter.com\/en\/wp-json\/wp\/v2\/comments?post=53"}],"version-history":[{"count":28,"href":"https:\/\/diter.com\/en\/wp-json\/wp\/v2\/pages\/53\/revisions"}],"predecessor-version":[{"id":6573,"href":"https:\/\/diter.com\/en\/wp-json\/wp\/v2\/pages\/53\/revisions\/6573"}],"wp:attachment":[{"href":"https:\/\/diter.com\/en\/wp-json\/wp\/v2\/media?parent=53"}],"curies":[{"name":"wp","href":"https:\/\/api.w.org\/{rel}","templated":true}]}}