{"id":5267,"date":"2022-12-07T14:28:46","date_gmt":"2022-12-07T12:28:46","guid":{"rendered":"https:\/\/diter.com\/?page_id=5267"},"modified":"2026-01-15T11:34:51","modified_gmt":"2026-01-15T09:34:51","slug":"palautus","status":"publish","type":"page","link":"https:\/\/diter.com\/en\/palautus\/","title":{"rendered":"Return policy"},"content":{"rendered":"<div id=\"pl-5267\"  class=\"panel-layout\" ><div id=\"pg-5267-0\"  class=\"panel-grid panel-no-style\" ><div id=\"pgc-5267-0-0\"  class=\"panel-grid-cell\" ><div id=\"panel-5267-0-0-0\" class=\"so-panel widget widget_black-studio-tinymce widget_black_studio_tinymce panel-first-child\" data-index=\"0\" ><h3 class=\"widget-title\">Right of return<\/h3><div class=\"textwidget\"><p><strong>Palautusoikeus ei koske asiakkaalle tilausty\u00f6n\u00e4 rakennettuja\/tilattuja laitteita, k\u00e4ytettyj\u00e4 varusteita, avattuja nesteit\u00e4 tai kemikaalituotteita. Palautusoikeus ei koske my\u00f6sk\u00e4\u00e4n alennettuja tai tarjous tuotteita\/laitteita.<\/strong> Tuotteen ja tuotepakkauksen tulee olla palautettaessa t\u00e4ysin samanlaisessa kunnossa kuin se oli myyntihetkell\u00e4. Kaikki osat ja varusteet tulee olla tallella ja ehji\u00e4. Palautettavan tuotteen tulee olla k\u00e4ytt\u00e4m\u00e4t\u00f6n ja myyntikelpoinen.<\/p>\n<\/div><\/div><div id=\"panel-5267-0-0-1\" class=\"so-panel widget widget_black-studio-tinymce widget_black_studio_tinymce\" data-index=\"1\" ><h3 class=\"widget-title\">Feedback form<\/h3><div class=\"textwidget\"><p>If the product did not meet your expectations or you want to return the order for some other reason, please notify us within 14 days of receiving the order. To exercise the right of cancellation, please inform us of the decision to cancel the product or the entire order by email <span class=\"fancy-underline\"><a href=\"mailto:mail@diter.com\">mail@diter.com<\/a><\/span>.<br \/>\nIt is also considered as a notification to fill the <a href=\"https:\/\/shop.diter.com\/wp-content\/uploads\/2022\/11\/DITER_palautuslomake_2022.pdf\"><strong>return form<\/strong><\/a>\u00a0and return it together with the product.<\/p>\n<\/div><\/div><div id=\"panel-5267-0-0-2\" class=\"so-panel widget widget_black-studio-tinymce widget_black_studio_tinymce\" data-index=\"2\" ><h3 class=\"widget-title\">Return instructions<\/h3><div class=\"textwidget\"><p>You have the right to exchange or return part or all of the products in the order free of charge. The products to be returned or exchanged must be in the original packaging and in salable condition. The salable product is unused, intact and clean. The product to be returned must be packed in the original shipping packaging or something similar. Please attach the completed<strong> <a href=\"https:\/\/shop.diter.com\/wp-content\/uploads\/2022\/11\/DITER_palautuslomake_2022.pdf\">return form<\/a><\/strong>. If it is not possible to print the return form, it is enough to attach a free-form notification to the return, which shows the customer's contact information, the order number and the product numbers of the products to be returned.<\/p>\n<p>The price of the order or returned products will be reimbursed to the customer as soon as possible after receiving the return. We do not reimburse the shipping\/delivery costs of the return. Please also take into account that Customer returns travel much slower than normal parcel traffic.<\/p>\n<p>If you have ordered a package to be picked up at Diter Oy's office, any returnable products must be returned to Posti or Matkahuolto. In these cases, return the products according to the instructions above. You can also bring the products directly to Diter in person, but please agree on this in advance by email.<\/p>\n<\/div><\/div><div id=\"panel-5267-0-0-3\" class=\"so-panel widget widget_black-studio-tinymce widget_black_studio_tinymce\" data-index=\"3\" ><h3 class=\"widget-title\">Failure to pick up the package is not a return<\/h3><div class=\"textwidget\"><p>Huomioithan, ett\u00e4 paketin noutamatta j\u00e4tt\u00e4minen ei ole palautus. Veloitamme palautuksen summasta <strong>23 \u20ac sis. alv 25,5%<\/strong> arvosta k\u00e4sittelykuluja paketeista, joita ei ole noudettu paketin s\u00e4ilytysajan puitteissa. Mik\u00e4li et halua noutaa pakettiasi, ilmoita siit\u00e4 asiakaspalveluumme s\u00e4hk\u00f6postitse. S\u00e4hk\u00f6postiviesti katsotaan palautusilmoitukseksi ja t\u00e4ll\u00f6in ylim\u00e4\u00e4r\u00e4isi\u00e4 k\u00e4sittelykuluja ei palautuksesta veloiteta.<\/p>\n<\/div><\/div><div id=\"panel-5267-0-0-4\" class=\"so-panel widget widget_black-studio-tinymce widget_black_studio_tinymce\" data-index=\"4\" ><h3 class=\"widget-title\">Product exhange<\/h3><div class=\"textwidget\"><p>If you want to exchange the product for another one, attach the return form with the return, where you tell which product you want to exchange. Once the return reaches us, it is processed automatically. Note! Exchange is only possible for a product of the same price.<\/p>\n<p>Processing returns takes about a couple of weeks. We cannot reserve replacement products ready for customers, so if you definitely want to get a new product in the right size, we recommend you place a new order. This way you get the new product faster. If the price of the new product is more expensive than your original order, send a message to our customer service and explain the situation, and we will change the price of the new product to the original price. After this, you can simply return the unsuitable product.<\/p>\n<\/div><\/div><div id=\"panel-5267-0-0-5\" class=\"so-panel widget widget_black-studio-tinymce widget_black_studio_tinymce\" data-index=\"5\" ><h3 class=\"widget-title\">Products broken in transit<\/h3><div class=\"textwidget\"><p><strong>Please ensure that your device is insured in case your device\/product is broken or lost during delivery.<\/strong><br \/>\nDiter Oy\u00a0<em>is not responsible<\/em>\u00a0for damages caused during shipment.<\/p>\n<p>Unfortunately, sometimes, despite careful packaging, packages suffer damage in transit. If the product has been damaged during transport, take a photo of the product and the transport package, and send them to us by email (mail@diter.com). This way we can file a damage report for the transport damage and you will receive a replacement product as quickly as possible. Always keep the damaged transport packaging.<\/p>\n<\/div><\/div><div id=\"panel-5267-0-0-6\" class=\"so-panel widget widget_black-studio-tinymce widget_black_studio_tinymce\" data-index=\"6\" ><h3 class=\"widget-title\">Defective or incorrect product<\/h3><div class=\"textwidget\"><p>Please always check the correctness and condition of the products you ordered before using them. If there is a manufacturing or material defect in the product, please always contact our customer service first so that we can deal with the matter on a case-by-case basis and get the replacement product on the way as soon as possible. If a completely wrong product has been included in the package, please contact our customer service first in these cases as well.<\/p>\n<\/div><\/div><div id=\"panel-5267-0-0-7\" class=\"so-panel widget widget_black-studio-tinymce widget_black_studio_tinymce\" data-index=\"7\" ><h3 class=\"widget-title\">Complaints<\/h3><div class=\"textwidget\"><p>When the shipment arrives, we ask you to check the packaging and its contents. Report any missing or defective devices\/products immediately. In all warranty and repair cases, the seller's compensation obligation is limited to a maximum of the purchase price of the product. The seller has no obligation to compensate for indirect damages.<br \/>\nFor all questions about the shipment, you can contact us by phone or email.<\/p>\n<\/div><\/div><div id=\"panel-5267-0-0-8\" class=\"so-panel widget widget_black-studio-tinymce widget_black_studio_tinymce panel-last-child\" data-index=\"8\" ><h3 class=\"widget-title\">Questions?<\/h3><div class=\"textwidget\"><p>Our customer service will be happy to help. Call (+3582) 253 9800 or send an email to <span class=\"fancy-underline\"><a href=\"mailto:mail@diter.com\">mail@diter.com<\/a><\/span><\/p>\n<\/div><\/div><\/div><\/div><\/div>","protected":false},"excerpt":{"rendered":"<p>Palautusoikeus ei koske asiakkaalle tilausty\u00f6n\u00e4 rakennettuja\/tilattuja laitteita, k\u00e4ytettyj\u00e4 varusteita, avattuja nesteit\u00e4 tai kemikaalituotteita. Palautusoikeus ei koske my\u00f6sk\u00e4\u00e4n alennettuja tai tarjous tuotteita\/laitteita. Tuotteen ja tuotepakkauksen tulee olla palautettaessa t\u00e4ysin samanlaisessa kunnossa kuin se oli myyntihetkell\u00e4. Kaikki osat ja varusteet tulee olla &hellip; <a href=\"https:\/\/diter.com\/en\/palautus\/\">Continued<\/a><\/p>","protected":false},"author":4,"featured_media":0,"parent":0,"menu_order":0,"comment_status":"closed","ping_status":"closed","template":"page-fullwidth.php","meta":{"footnotes":""},"class_list":["post-5267","page","type-page","status-publish","hentry"],"_links":{"self":[{"href":"https:\/\/diter.com\/en\/wp-json\/wp\/v2\/pages\/5267","targetHints":{"allow":["GET"]}}],"collection":[{"href":"https:\/\/diter.com\/en\/wp-json\/wp\/v2\/pages"}],"about":[{"href":"https:\/\/diter.com\/en\/wp-json\/wp\/v2\/types\/page"}],"author":[{"embeddable":true,"href":"https:\/\/diter.com\/en\/wp-json\/wp\/v2\/users\/4"}],"replies":[{"embeddable":true,"href":"https:\/\/diter.com\/en\/wp-json\/wp\/v2\/comments?post=5267"}],"version-history":[{"count":9,"href":"https:\/\/diter.com\/en\/wp-json\/wp\/v2\/pages\/5267\/revisions"}],"predecessor-version":[{"id":6535,"href":"https:\/\/diter.com\/en\/wp-json\/wp\/v2\/pages\/5267\/revisions\/6535"}],"wp:attachment":[{"href":"https:\/\/diter.com\/en\/wp-json\/wp\/v2\/media?parent=5267"}],"curies":[{"name":"wp","href":"https:\/\/api.w.org\/{rel}","templated":true}]}}