{"id":4954,"date":"2021-06-18T15:39:58","date_gmt":"2021-06-18T12:39:58","guid":{"rendered":"https:\/\/diter.com\/?page_id=4954"},"modified":"2024-03-12T15:15:51","modified_gmt":"2024-03-12T13:15:51","slug":"ditelle-all-in-one","status":"publish","type":"page","link":"https:\/\/diter.com\/en\/laitteet\/kotimaiset_laitteet\/kauneudenhoito\/yhdistelmalaitteet\/ditelle-all-in-one\/","title":{"rendered":"The most versatile combination treatment device on the market"},"content":{"rendered":"<div id=\"pl-4954\"  class=\"panel-layout\" ><div id=\"pg-4954-0\"  class=\"panel-grid panel-no-style\" ><div id=\"pgc-4954-0-0\"  class=\"panel-grid-cell\" ><div id=\"panel-4954-0-0-0\" class=\"so-panel widget widget_black-studio-tinymce widget_black_studio_tinymce panel-first-child panel-last-child\" data-index=\"0\" ><h3 class=\"widget-title\">Ditelle All-in-One <\/h3><div class=\"textwidget\"><div class=\"juttu\" style=\"color: #0d0d0d;\">\n<p><strong><em><a href=\"https:\/\/diter.com\/wp-content\/uploads\/2014\/07\/Ditelle-Cav.jpg\"><img loading=\"lazy\" decoding=\"async\" class=\"wp-image-1667 size-full alignnone alignright\" src=\"https:\/\/diter.com\/wp-content\/uploads\/2014\/07\/Ditelle-Cav.jpg\" alt=\"\" width=\"300\" height=\"450\" srcset=\"https:\/\/diter.com\/wp-content\/uploads\/2014\/07\/Ditelle-Cav.jpg 300w, https:\/\/diter.com\/wp-content\/uploads\/2014\/07\/Ditelle-Cav-200x300.jpg 200w\" sizes=\"auto, (max-width: 300px) 100vw, 300px\" \/><\/a><\/em><\/strong><\/p>\n<ul style=\"list-style-type: circle;\">\n<li>Tehokas ja turvallinen<\/li>\n<li>Soveltuu sek\u00e4 kasvojen ett\u00e4 vartalon hoitoon<\/li>\n<li>Automaattinen hoitop\u00e4\u00e4n tunnistin<\/li>\n<li>Sopii sek\u00e4 miehille ett\u00e4 naisille<\/li>\n<li>Helppo k\u00e4ytt\u00e4\u00e4<\/li>\n<\/ul>\n<p><strong>Ultra\u00e4\u00e4ni<\/strong><br \/>\nKirkastaa ja rauhoittaa ihoa<br \/>\nAuttaa aktiiviaineita imeytym\u00e4\u00e4n<\/p>\n<p><strong>Radiotaajuus<\/strong><br \/>\nKiihdytt\u00e4\u00e4 aineenvaihduntaa<br \/>\nKiinteytt\u00e4\u00e4 veltostunutta ihoa<\/p>\n<p><img loading=\"lazy\" decoding=\"async\" class=\"alignnone wp-image-1668\" src=\"https:\/\/diter.com\/wp-content\/uploads\/2014\/07\/CRFrf-300x200.jpg\" alt=\"Kavitaatio hoitop\u00e4\u00e4 \/ RF vartalohoitop\u00e4\u00e4 \/ RF kasvohoitop\u00e4\u00e4\" width=\"226\" height=\"150\" \/><\/p>\n<p><strong>ONGELMAPAIKKOJEN RASVAKER\u00c4YTYMIEN HOITO KAVITAATIOLLA JA RF-HOIDOLLA<\/strong><\/p>\n<p>Kavitaatioultra\u00e4\u00e4nt\u00e4 ja radiotaajuutta yhdist\u00e4m\u00e4ll\u00e4 saadaan eritt\u00e4in tehokkaita tuloksia selluliittihoidoissa.<\/p>\n<p>\u2022\u00a0 Ultra\u00e4\u00e4nikavitaatio on kivuton ja non-invasiivinen hoitomuoto<br \/>\n\u2022\u00a0 Hoito toteutetaan hoitoalueittain<br \/>\n\u2022\u00a0 Hoito kohdistetaan rasvakerroksessa sijaitseviin rasvasoluihin, joihin on vaikeaa<br \/>\ntai mahdotonta vaikuttaa liikunnalla.<br \/>\n\u2022\u00a0 Rasvan m\u00e4\u00e4r\u00e4 saadaan v\u00e4henem\u00e4\u00e4n rasvasoluista, koska oikealla taajuudella saadaan soluissa oleva rasva muuttumaan juoksevampaan muotoon.<br \/>\n\u2022\u00a0 Hoito v\u00e4hent\u00e4\u00e4 selluliittia ja auttaa laihtumaan.<br \/>\n\u2022\u00a0 Radiotaajuus l\u00e4mmitt\u00e4\u00e4 ihonalaista rasvakudosta n. 40 asteeseen ja auttaa rasvasoluista vapautunutta rasvaa poistumaan kehosta lymfanestekierronkautta.<br \/>\n\u2022\u00a0 Oikean liikunnan ja ruokavalion avulla, hoidolla voidaan saada aikaan pitk\u00e4aikaisia tuloksia. [\/su_spoiler]\n<p><img loading=\"lazy\" decoding=\"async\" class=\"alignnone wp-image-1662\" src=\"https:\/\/diter.com\/wp-content\/uploads\/2014\/07\/RF-hoito-300x200.jpg\" alt=\"Radiotaajuushoito vatsan alueelle\" width=\"225\" height=\"150\" \/><\/p>\n<p><strong>S\u00c4HK\u00d6VIRTAHOITO-OMINAISUUDET<br \/>\n<\/strong><\/p>\n<p><div class=\"su-spoiler su-spoiler-style-default su-spoiler-icon-plus su-spoiler-closed\" data-scroll-offset=\"0\" data-anchor-in-url=\"no\"><div class=\"su-spoiler-title\" tabindex=\"0\" role=\"button\"><span class=\"su-spoiler-icon\"><\/span>STIMULAATIOVIRTA<\/div><div class=\"su-spoiler-content su-u-clearfix su-u-trim\"><br \/>\nStimulaatiovirtahoidoilla aktivoidaan ja harjoitetaan lihaksia ja vaikutetaan ihon kimmoisuuteen. Stimulaatiovirrasta on paljon erilaisia variaatioita kasvojen ja vartalon hoitoon, jolloin kullekin asiakkaalle voidaan valita juuri h\u00e4nelle sopiva hoito. Vartalohoidoissa p\u00e4\u00e4asialliset hoitokohteet ovat lihasten kiinteytys, rasvanpoltto ja lihasten harjoittaminen.<\/div><\/div><\/p>\n<p><div class=\"su-spoiler su-spoiler-style-default su-spoiler-icon-plus su-spoiler-closed\" data-scroll-offset=\"0\" data-anchor-in-url=\"no\"><div class=\"su-spoiler-title\" tabindex=\"0\" role=\"button\"><span class=\"su-spoiler-icon\"><\/span>INTERFERENSSIVIRTA<\/div><div class=\"su-spoiler-content su-u-clearfix su-u-trim\"><br \/>\nVeltostuneelle kudokselle ja lihaksille. Lis\u00e4\u00e4 j\u00e4ntevyytt\u00e4, aktivoi verenkiertoa ja kiihdytt\u00e4\u00e4 aineenvaihduntaa. Hoitomuotona interferenssivirta, jossa virrantaajuus ja annostus valitaan hoitokohteen mukaan. Sopii kasvoille ja vartalolle. <\/div><\/div><\/p>\n<p><div class=\"su-spoiler su-spoiler-style-default su-spoiler-icon-plus su-spoiler-closed\" data-scroll-offset=\"0\" data-anchor-in-url=\"no\"><div class=\"su-spoiler-title\" tabindex=\"0\" role=\"button\"><span class=\"su-spoiler-icon\"><\/span>IONTOFOREESI<\/div><div class=\"su-spoiler-content su-u-clearfix su-u-trim\"><br \/>\nHoitavien aineiden imeytt\u00e4minen tasavirran avulla. Liikahikoiluhoidot k\u00e4sille ja jaloille. <\/div><\/div><\/p>\n<p><div class=\"su-spoiler su-spoiler-style-default su-spoiler-icon-plus su-spoiler-closed\" data-scroll-offset=\"0\" data-anchor-in-url=\"no\"><div class=\"su-spoiler-title\" tabindex=\"0\" role=\"button\"><span class=\"su-spoiler-icon\"><\/span>MIKROVIRTA <\/div><div class=\"su-spoiler-content su-u-clearfix su-u-trim\">Vaikuttaa ihon elastisuuteen, lihasj\u00e4nnitykseen,aineenvaihduntaan ja verenkiertoon. <\/div><\/div><\/p>\n<p><div class=\"su-spoiler su-spoiler-style-default su-spoiler-icon-plus su-spoiler-closed\" data-scroll-offset=\"0\" data-anchor-in-url=\"no\"><div class=\"su-spoiler-title\" tabindex=\"0\" role=\"button\"><span class=\"su-spoiler-icon\"><\/span>AINUTLAATUISET YHDISTELM\u00c4HOIDOT<\/div><div class=\"su-spoiler-content su-u-clearfix su-u-trim\"><br \/>\nYhdistelm\u00e4hoitoja k\u00e4ytet\u00e4\u00e4n esim neulattomassa mesoterapiassa eli elektroporaatiohoidossa. Hoidon tarkoituksena on pient\u00e4\u00e4 ihokudoksen ylimenovastusta, jonka avulla aktiivisia ainesosia sis\u00e4lt\u00e4vi\u00e4 tuotteita voidaan imeytt\u00e4\u00e4 tehokkaasti. Ultra\u00e4\u00e4nen ja elektroterapian yhdistelm\u00e4 auttaa vaikuttavien aineiden imeytymist\u00e4 ihon sarveiskerroksen l\u00e4pi ilman neulaamista. Pulssimuotoinen v\u00e4r\u00e4htely avaa my\u00f6s solukalvoon lyhytik\u00e4isi\u00e4 mikrokanavia ja ne sulkeutuvat pian yhdisteiden imeytymisen j\u00e4lkeen.<\/div><\/div><\/p>\n<p><strong>ENNEN &amp; J\u00c4LKEEN<\/strong><\/p>\n<p>Esimerkki Ditelle laitteella tehdyst\u00e4 sarja hoidosta ja siit\u00e4 miten se tehoaa selluliittiin. Apuna k\u00e4ytetty selluliitin havainnointikalvoja.<\/p>\n<p><figure id=\"attachment_909\" class=\"thumbnail wp-caption alignnone\" style=\"width: 200px\"><img loading=\"lazy\" decoding=\"async\" class=\"wp-image-909\" src=\"https:\/\/diter.com\/wp-content\/uploads\/2014\/07\/SAM_0005-300x225.jpg\" alt=\"Ennen sarjahoidon aloittamista, vy\u00f6t\u00e4r\u00f6n ymp\u00e4rysmitta 101,7cm\" width=\"200\" height=\"150\" srcset=\"https:\/\/diter.com\/wp-content\/uploads\/2014\/07\/SAM_0005-300x225.jpg 300w, https:\/\/diter.com\/wp-content\/uploads\/2014\/07\/SAM_0005-600x450.jpg 600w, https:\/\/diter.com\/wp-content\/uploads\/2014\/07\/SAM_0005-1024x768.jpg 1024w\" sizes=\"auto, (max-width: 200px) 100vw, 200px\" \/><figcaption class=\"caption wp-caption-text\">Ennen sarjahoidon aloittamista, vy\u00f6t\u00e4r\u00f6n ymp\u00e4rysmitta 101,7cm<\/figcaption><\/figure><\/p>\n<p><figure id=\"attachment_911\" class=\"thumbnail wp-caption alignnone\" style=\"width: 200px\"><img loading=\"lazy\" decoding=\"async\" class=\"wp-image-911 \" src=\"https:\/\/diter.com\/wp-content\/uploads\/2014\/07\/SAM_0015-300x225.jpg\" alt=\"\" width=\"200\" height=\"150\" srcset=\"https:\/\/diter.com\/wp-content\/uploads\/2014\/07\/SAM_0015-300x225.jpg 300w, https:\/\/diter.com\/wp-content\/uploads\/2014\/07\/SAM_0015-600x450.jpg 600w, https:\/\/diter.com\/wp-content\/uploads\/2014\/07\/SAM_0015-1024x768.jpg 1024w\" sizes=\"auto, (max-width: 200px) 100vw, 200px\" \/><figcaption class=\"caption wp-caption-text\">Yhden hoitokerran j\u00e4lkeen<\/figcaption><\/figure><\/p>\n<p><figure id=\"attachment_910\" class=\"thumbnail wp-caption alignnone\" style=\"width: 200px\"><img loading=\"lazy\" decoding=\"async\" class=\"wp-image-910 \" src=\"https:\/\/diter.com\/wp-content\/uploads\/2014\/07\/SAM_0012-300x225.jpg\" alt=\"\" width=\"200\" height=\"150\" srcset=\"https:\/\/diter.com\/wp-content\/uploads\/2014\/07\/SAM_0012-300x225.jpg 300w, https:\/\/diter.com\/wp-content\/uploads\/2014\/07\/SAM_0012-600x450.jpg 600w, https:\/\/diter.com\/wp-content\/uploads\/2014\/07\/SAM_0012-1024x768.jpg 1024w\" sizes=\"auto, (max-width: 200px) 100vw, 200px\" \/><figcaption class=\"caption wp-caption-text\">kuuden hoitokerran j\u00e4lkeen, loppumitta 95,0 cm<\/figcaption><\/figure><\/p>\n<h5>Lue lis\u00e4\u00e4:<\/h5>\n<p>Tutustu hoitolaitteella teht\u00e4vien hoitojen ennen ja j\u00e4lkeen kuviin <a href=\"https:\/\/diter.kuvat.fi\/kuvat\/kosmetologit\/Ennen+ja+j%C3%A4lkeen+kuvia\/\">MEDIAPANKISSA.<\/a> Hinnat ja muut lis\u00e4tiedot l\u00f6yd\u00e4t helposti verkkokaupastamme <strong>diter.fi.<br \/>\n<\/strong><br \/>\n<a href=\"https:\/\/shop.diter.com\/\">VERKKOKAUPPAAN &gt;&gt;<\/a><\/p>\n<hr \/>\n<\/div>\n<\/div><\/div><\/div><\/div><div id=\"pg-4954-1\"  class=\"panel-grid panel-no-style\" ><div id=\"pgc-4954-1-0\"  class=\"panel-grid-cell\" ><div id=\"panel-4954-1-0-0\" class=\"so-panel widget widget_origin_button panel-first-child panel-last-child\" data-index=\"1\" ><div class=\"origin-widget origin-widget-button origin-widget-button-simple-white align-center\"><a href=\"https:\/\/www.diter.com\/laitteet\/kotimaiset_laitteet\/kauneudenhoito\/\" \n>\n\tDitelle-laitteet<\/a>\n<\/div><\/div><\/div><div id=\"pgc-4954-1-1\"  class=\"panel-grid-cell\" ><div id=\"panel-4954-1-1-0\" class=\"so-panel widget widget_origin_button panel-first-child panel-last-child\" data-index=\"2\" ><div class=\"origin-widget origin-widget-button origin-widget-button-simple-white align-center\"><a href=\"https:\/\/diter.kuvat.fi\/kuvat\/laitteet\/ditelle+laite-esitteet\/\" \ntarget=\"_blank\" rel=\"noopener noreferrer\">\n\tLaite-esitteet<\/a>\n<\/div><\/div><\/div><div id=\"pgc-4954-1-2\"  class=\"panel-grid-cell\" ><div id=\"panel-4954-1-2-0\" class=\"so-panel widget widget_origin_button panel-first-child panel-last-child\" data-index=\"3\" ><div class=\"origin-widget origin-widget-button origin-widget-button-simple-white align-center\"><a href=\"https:\/\/www.diter.com\/laitteet\/muut_laitteet\/\" \ntarget=\"_blank\" rel=\"noopener noreferrer\">\n\tMuut kosmetologilaitteet<\/a>\n<\/div><\/div><\/div><\/div><\/div>","protected":false},"excerpt":{"rendered":"<p>Effective and safe Suitable for both face and body treatment Automatic sensor of the treatment head Suitable for both men and women Easy to use Ultrasound Brightens and soothes the skin Helps absorption of active ingredients Radio frequency Accelerates metabolism Tightens sagging skin TREATMENT OF FAT ACCUMULATIONS IN PROBLEM SPOTS WITH CAVITATION AND RF TREATMENT Cavitation ultrasound... <a href=\"https:\/\/diter.com\/en\/laitteet\/kotimaiset_laitteet\/kauneudenhoito\/yhdistelmalaitteet\/ditelle-all-in-one\/\">Continued<\/a><\/p>","protected":false},"author":2,"featured_media":0,"parent":87,"menu_order":0,"comment_status":"closed","ping_status":"closed","template":"page-fullwidth.php","meta":{"footnotes":""},"class_list":["post-4954","page","type-page","status-publish","hentry"],"_links":{"self":[{"href":"https:\/\/diter.com\/en\/wp-json\/wp\/v2\/pages\/4954","targetHints":{"allow":["GET"]}}],"collection":[{"href":"https:\/\/diter.com\/en\/wp-json\/wp\/v2\/pages"}],"about":[{"href":"https:\/\/diter.com\/en\/wp-json\/wp\/v2\/types\/page"}],"author":[{"embeddable":true,"href":"https:\/\/diter.com\/en\/wp-json\/wp\/v2\/users\/2"}],"replies":[{"embeddable":true,"href":"https:\/\/diter.com\/en\/wp-json\/wp\/v2\/comments?post=4954"}],"version-history":[{"count":22,"href":"https:\/\/diter.com\/en\/wp-json\/wp\/v2\/pages\/4954\/revisions"}],"predecessor-version":[{"id":6332,"href":"https:\/\/diter.com\/en\/wp-json\/wp\/v2\/pages\/4954\/revisions\/6332"}],"up":[{"embeddable":true,"href":"https:\/\/diter.com\/en\/wp-json\/wp\/v2\/pages\/87"}],"wp:attachment":[{"href":"https:\/\/diter.com\/en\/wp-json\/wp\/v2\/media?parent=4954"}],"curies":[{"name":"wp","href":"https:\/\/api.w.org\/{rel}","templated":true}]}}