{"id":4886,"date":"2021-06-15T13:27:43","date_gmt":"2021-06-15T10:27:43","guid":{"rendered":"https:\/\/diter.com\/?page_id=4886"},"modified":"2024-12-31T21:20:03","modified_gmt":"2024-12-31T19:20:03","slug":"diter-fysio","status":"publish","type":"page","link":"https:\/\/diter.com\/en\/diter-fysio\/","title":{"rendered":"Diter Fysio"},"content":{"rendered":"<p><strong>Diter Fysio<\/strong> is a physiotherapy facility that was established in connection with Diter Oy in Kaarina.<\/p>\n<p style=\"text-align: left;\">Diter Fysio offers unique special rehabilitation and expert physical therapy with more than 40 years of experience with Finnish treatment devices.<br \/>Device treatment is an effective and quick help for e.g. for work-related stress injuries and sports injuries.<br \/>The device treatments are done with Diter Oy's devices, and that's where the whole concept started. Diter Fysio's treatment methods and protocols are based on years of research and experience.<\/p>\n<p>For more information, please see:\u00a0<span style=\"color: #000000; background-color: #ffffff;\"><strong><a style=\"background-color: #ffffff; color: #000000;\" title=\"Implementation of electrophysical modalities and treatment indications\" href=\"https:\/\/diter.com\/en\/laitehoidot\/\"><span style=\"color: #3366ff;\">Implementation of electrophysical modalities and treatment indications<\/span><\/a><\/strong><\/span><\/p>\n<p>In addition to traditional physical device treatments, Diter now offers hydrogen therapy, which provides help  among other things to lung and respiratory problems. Hydrogen therapy is an emerging treatment for a variety of health problems and performance enhancement. The positive therapeutic effects of hydrogen therapy have been demonstrated in numerous clinical studies, and it is the subject of very active research around the world.<\/p>\n<p>For more information on hydrogen therapy, please see: <a href=\"https:\/\/diter.com\/en\/vetyhengitys-ja-terapia\/\"><strong>Hydrogen therapy<\/strong><\/a><\/p>\n<hr \/>\n<h3>CONTACT US FOR MORE INFORMATION<\/h3>\n<p>The founder of Diter Oy and expert in special rehabilitation, Reima Karsikas, offers physical equipment treatments and isokinetic muscle strength measurements.<br \/><strong>For reservations please contact mail@diter.com.<\/strong><\/p>\n<figure class=\"thumbnail wp-caption alignnone\" style=\"width: 173px\"><img loading=\"lazy\" decoding=\"async\" src=\"https:\/\/diterfi.files.wordpress.com\/2017\/06\/reima-karsikas.jpg\" alt=\"Reima Karsikas\" width=\"173\" height=\"211\" \/><figcaption class=\"caption wp-caption-text\">Physiotherapy and rehabilitation specialist Reima Karsikas<\/figcaption><\/figure>\n<hr \/>\n<h3>PHYSIOTHERAPY TREATMENTS<\/h3>\n<p>A physiotherapist is a licensed professional whose activities are supervised by regional administrative agencies and VALVIRA (licensing and supervision agency for the social and health sector).<\/p>\n<p>Physiotherapy is based on the client's assessment, examination and planning of physiotherapy. The methods are therapeutic exercise, physical device treatments, manual therapy and guidance and counseling.<br \/>The aim of physiotherapy is together with the client to achieve the best possible mobility and functioning ability, taking into account the clients limitations and resources as well as the living environment.<\/p>\n<p>You can come to physiotherapy with or without a referral from a doctor.\u00a0<\/p>\n<p><img loading=\"lazy\" decoding=\"async\" class=\"wp-image-794 size-medium alignnone\" src=\"https:\/\/diter.com\/wp-content\/uploads\/2014\/07\/hoitokuva-akilles-300x199.jpg\" alt=\"\" width=\"300\" height=\"199\" srcset=\"https:\/\/diter.com\/wp-content\/uploads\/2014\/07\/hoitokuva-akilles-300x199.jpg 300w, https:\/\/diter.com\/wp-content\/uploads\/2014\/07\/hoitokuva-akilles-600x399.jpg 600w, https:\/\/diter.com\/wp-content\/uploads\/2014\/07\/hoitokuva-akilles-1024x680.jpg 1024w\" sizes=\"auto, (max-width: 300px) 100vw, 300px\" \/><\/p>\n<hr \/>\n<h3>PRICES<strong><br \/><\/strong><\/h3>\n<p><strong>Physiotherapy device treatment<\/strong><br \/>30 min, 45 \u20ac<br \/>45 min, 70 \u20ac<br \/>60 min, 90 \u20ac<\/p>\n<p><strong>Isokinetic measurement and testing<\/strong><br \/>60 min, 100 \u20ac<\/p>\n<hr \/>\n<h3>INDICATIONS<\/h3>\n<p>From us, you can quickly get help for work-related stress injuries, sports injuries and various pain conditions, e.g.<\/p>\n<p class=\"translation-block\">HEAD<br>\u2022 facial paralysis<br>\u2022 migraine<br>\u2022 muscle tension<\/p>\n<p class=\"translation-block\">NECK-SHOULDER<br>\u2022 inflammation and pain in the neck-shoulder region<br>\u2022 pain in the shoulder joint<\/p>\n<p class=\"translation-block\">HANDS<br>\u2022 shoulder pain conditions<br>\u2022 rotator cuff<br>\u2022 tennis elbow<br>\u2022 golf elbow<br>\u2022 canalis carpi carpal tunnel syndrome<\/p>\n<p class=\"translation-block\">BACK<br>\u2022 back pain<br>\u2022 SI joint problems<\/p>\n<p class=\"translation-block\">LEGS<br>\u2022 hip bursitis\/wear and tear<br>\u2022 various knee pain conditions<br>\u2022 runner's knee<br>\u2022 jumper's knee<br>\u2022 athlete's foot<br>\u2022 plantar fascitis<br>\u2022 slatter<br>\u2022 ankle sprains<br>\u2022 inflammatory conditions\/pain conditions\/ruptures of the Achilles tendon<br>\u2022 heel bursa<br>\u2022 flat feet<\/p>\n<p class=\"translation-block\">OTHER<br>\u2022 lumbago \u2013 types of ailments<br>\u2022 fractures<br>\u2022 electrical stimulation test<br>\u2022 peripheral nerve palsy<br>\u2022 muscle cramps and tears<br>\u2022 scar tissue treatments<br>\u2022 magnetic therapy<\/p>\n\n\n<p>\u00a0<\/p>\n<hr \/>\n<h3>Diter VET \u2013 Help from device treatments also in rehabilitating animals<\/h3>\n<p class=\"translation-block\"><strong>Diter Vet<\/strong>, which specializes in e.g. for the rehabilitation of dogs using device treatments.<br>Our most popular treatments for animals are laser and magnetic therapy treatments.<\/p>\n<p><img loading=\"lazy\" decoding=\"async\" class=\"alignnone wp-image-2106 size-medium\" src=\"https:\/\/diter.com\/wp-content\/uploads\/2016\/10\/Magneettihoito-300x200.jpg\" alt=\"\" width=\"300\" height=\"200\" \/><\/p>\n<hr \/>\n<p>\u00a0<\/p>","protected":false},"excerpt":{"rendered":"<p>Diter Fysio on fysikaalinen hoitolaitos, joka on perustettu Diter Oy:n yhteyteen Kaarinaan. Diter Fysio tarjoaa ainutlaatuista erikoiskuntoutusta ja asiantuntevaa fysikaalista laitehoitoa jo yli 40 vuoden kokemuksella kotimaisilla hoitolaitteilla.Laitehoito on tehokas ja nopea apu\u00a0mm. ty\u00f6per\u00e4isiin rasitusvammoihin ja urheiluvammoihin.Laitehoidot tehd\u00e4\u00e4n kotimaisilla Diter &hellip; <a href=\"https:\/\/diter.com\/en\/diter-fysio\/\">Continued<\/a><\/p>","protected":false},"author":2,"featured_media":0,"parent":0,"menu_order":0,"comment_status":"closed","ping_status":"closed","template":"","meta":{"footnotes":""},"class_list":["post-4886","page","type-page","status-publish","hentry"],"_links":{"self":[{"href":"https:\/\/diter.com\/en\/wp-json\/wp\/v2\/pages\/4886","targetHints":{"allow":["GET"]}}],"collection":[{"href":"https:\/\/diter.com\/en\/wp-json\/wp\/v2\/pages"}],"about":[{"href":"https:\/\/diter.com\/en\/wp-json\/wp\/v2\/types\/page"}],"author":[{"embeddable":true,"href":"https:\/\/diter.com\/en\/wp-json\/wp\/v2\/users\/2"}],"replies":[{"embeddable":true,"href":"https:\/\/diter.com\/en\/wp-json\/wp\/v2\/comments?post=4886"}],"version-history":[{"count":18,"href":"https:\/\/diter.com\/en\/wp-json\/wp\/v2\/pages\/4886\/revisions"}],"predecessor-version":[{"id":6463,"href":"https:\/\/diter.com\/en\/wp-json\/wp\/v2\/pages\/4886\/revisions\/6463"}],"wp:attachment":[{"href":"https:\/\/diter.com\/en\/wp-json\/wp\/v2\/media?parent=4886"}],"curies":[{"name":"wp","href":"https:\/\/api.w.org\/{rel}","templated":true}]}}