{"id":2115,"date":"2017-04-10T18:59:51","date_gmt":"2017-04-10T15:59:51","guid":{"rendered":"http:\/\/www.diter.com\/www\/?page_id=2115"},"modified":"2018-06-14T10:04:49","modified_gmt":"2018-06-14T07:04:49","slug":"laser","status":"publish","type":"page","link":"https:\/\/diter.com\/en\/laitteet\/kotimaiset_laitteet\/laser\/","title":{"rendered":"Laser"},"content":{"rendered":"<div id=\"pl-2115\"  class=\"panel-layout\" ><div id=\"pg-2115-0\"  class=\"panel-grid panel-no-style\" ><div id=\"pgc-2115-0-0\"  class=\"panel-grid-cell\" ><div id=\"panel-2115-0-0-0\" class=\"so-panel widget widget_black-studio-tinymce widget_black_studio_tinymce panel-first-child panel-last-child\" data-index=\"0\" ><h3 class=\"widget-title\">\u00c4lyk\u00e4s laserlaite<\/h3><div class=\"textwidget\"><p><strong>DitLaser<\/strong> on markkinoiden ensimm\u00e4inen \u00e4lyk\u00e4s laserhoitolaite, joka laskee automaattisesti tarvittavan hoitoajan asetetun kokonaisenergian perusteella.<br \/>\n<img loading=\"lazy\" decoding=\"async\" class=\"alignnone size-medium wp-image-1612\" src=\"https:\/\/diter.com\/wp-content\/uploads\/2014\/07\/DitLaser-300x200-300x200.jpg\" alt=\"\" width=\"300\" height=\"200\" \/><br \/>\nHoidon edistymist\u00e4 voidaan seurata n\u00e4yt\u00f6lt\u00e4, joka n\u00e4ytt\u00e4\u00e4 j\u00e4ljell\u00e4 olevaa hoitoaikaa ja -energiaa. Laitteen n\u00e4ytt\u00f6 opastaa k\u00e4ytt\u00e4j\u00e4\u00e4 hoidon aikana (suomeksi, ruotsiksi tai englanniksi valinnan mukaan).<\/p>\n<p>Iso laserhoitop\u00e4\u00e4\u00a0 soveltuu erinomaisesti el\u00e4intenhoitoon (780Nm), jolla p\u00e4\u00e4st\u00e4\u00e4 antamaan hoitoa helposti karvapeitteenkin alle. Laitteen mukana tulee my\u00f6s suojalasit.<\/p>\n<p><a href=\"https:\/\/diter.com\/wp-content\/uploads\/2016\/10\/el\u00e4inlaser.jpg\"><img loading=\"lazy\" decoding=\"async\" class=\"size-medium wp-image-1645 alignnone\" src=\"https:\/\/diter.com\/wp-content\/uploads\/2016\/10\/el\u00e4inlaser-300x200.jpg\" alt=\"\" width=\"300\" height=\"200\" \/><\/a><\/p>\n<p>Laitteessa on trigger-pisteiden hakuohjelma ja hoito voidaan kohdistaa v\u00e4litt\u00f6m\u00e4sti l\u00f6ydettyyn trigger-pisteeseen. Triggerhoitopisteiden etsint\u00e4\u00e4n k\u00e4ytet\u00e4\u00e4n kyn\u00e4laser hoitop\u00e4\u00e4t\u00e4 (780 nm)<\/p>\n<p><a href=\"https:\/\/diter.com\/wp-content\/uploads\/2014\/07\/kyn\u00e4laser.jpg\"><img loading=\"lazy\" decoding=\"async\" class=\"size-medium wp-image-1631 alignnone\" src=\"https:\/\/diter.com\/wp-content\/uploads\/2014\/07\/kyn\u00e4laser-300x200.jpg\" alt=\"\" width=\"300\" height=\"200\" \/><\/a><\/p>\n<p><strong>LAITTEEN OMINAISUUDET<\/strong><\/p>\n<p>- search for trigger points<br \/>\n- three sensitivity ranges<br \/>\n- sound signal and analog display<br \/>\n- patient safety: The distance sensor prevents the exit of the laser beam if the treatment head is not aimed at the treatment site or the distance from the skin is too great.<br \/>\n- laser treatment head 20C780<br \/>\n- output power 40 mW<br \/>\n- beam collimated<\/p>\n<\/div><\/div><\/div><div id=\"pgc-2115-0-1\"  class=\"panel-grid-cell\" ><div id=\"panel-2115-0-1-0\" class=\"so-panel widget widget_nav_menu panel-first-child panel-last-child\" data-index=\"1\" ><ul id=\"menu-elaintenhoito\" class=\"menu\"><li  class=\"menu-item-2133\"><a href=\"https:\/\/diter.com\/en\/laitteet\/kotimaiset_laitteet\/elaintenhoito\/ultraaani\/\"><span>Ultrasound<\/span><\/a><\/li>\n<li  class=\"menu-item-2134\"><a href=\"https:\/\/diter.com\/en\/laitteet\/kotimaiset_laitteet\/elaintenhoito\/elektroterapia\/\"><span>Electrotherapy<\/span><\/a><\/li>\n<li  class=\"menu-item-3067\"><a href=\"https:\/\/diter.com\/en\/laitteet\/kotimaiset_laitteet\/elaintenhoito\/laser-ja-magneettiterapia\/\"><span>Laser and magnetic therapy<\/span><\/a><\/li>\n<\/ul><\/div><\/div><\/div><\/div>","protected":false},"excerpt":{"rendered":"<p>DitLaser is the first smart laser treatment device on the market that automatically calculates the required treatment time based on the set total energy. The progress of the treatment can be monitored on the screen, which shows the remaining treatment time and energy. The display of the device guides the user during the treatment (in Finnish, Swedish or English depending on the choice). Big laser treatment head\u00a0\u2026 <a href=\"https:\/\/diter.com\/en\/laitteet\/kotimaiset_laitteet\/laser\/\">Continued<\/a><\/p>","protected":false},"author":2,"featured_media":0,"parent":11,"menu_order":0,"comment_status":"closed","ping_status":"closed","template":"page-fullwidth.php","meta":{"footnotes":""},"class_list":["post-2115","page","type-page","status-publish","hentry"],"_links":{"self":[{"href":"https:\/\/diter.com\/en\/wp-json\/wp\/v2\/pages\/2115","targetHints":{"allow":["GET"]}}],"collection":[{"href":"https:\/\/diter.com\/en\/wp-json\/wp\/v2\/pages"}],"about":[{"href":"https:\/\/diter.com\/en\/wp-json\/wp\/v2\/types\/page"}],"author":[{"embeddable":true,"href":"https:\/\/diter.com\/en\/wp-json\/wp\/v2\/users\/2"}],"replies":[{"embeddable":true,"href":"https:\/\/diter.com\/en\/wp-json\/wp\/v2\/comments?post=2115"}],"version-history":[{"count":4,"href":"https:\/\/diter.com\/en\/wp-json\/wp\/v2\/pages\/2115\/revisions"}],"predecessor-version":[{"id":3043,"href":"https:\/\/diter.com\/en\/wp-json\/wp\/v2\/pages\/2115\/revisions\/3043"}],"up":[{"embeddable":true,"href":"https:\/\/diter.com\/en\/wp-json\/wp\/v2\/pages\/11"}],"wp:attachment":[{"href":"https:\/\/diter.com\/en\/wp-json\/wp\/v2\/media?parent=2115"}],"curies":[{"name":"wp","href":"https:\/\/api.w.org\/{rel}","templated":true}]}}