{"id":1926,"date":"2016-10-11T17:29:21","date_gmt":"2016-10-11T14:29:21","guid":{"rendered":"http:\/\/www.diter.com\/www\/products\/dermatology\/ultraaani_-_puhdistus"},"modified":"2019-07-26T16:05:09","modified_gmt":"2019-07-26T13:05:09","slug":"ultraaani_-_puhdistus","status":"publish","type":"page","link":"https:\/\/diter.com\/en\/ultraaani_-_puhdistus\/","title":{"rendered":"Ultrasound - cleansing"},"content":{"rendered":"<div id=\"pl-1926\"  class=\"panel-layout\" ><div id=\"pg-1926-0\"  class=\"panel-grid panel-no-style\" ><div id=\"pgc-1926-0-0\"  class=\"panel-grid-cell\" ><div id=\"panel-1926-0-0-0\" class=\"so-panel widget widget_black-studio-tinymce widget_black_studio_tinymce panel-first-child panel-last-child\" data-index=\"0\" ><h3 class=\"widget-title\">UUTUUS! Ditelle Duo<\/h3><div class=\"textwidget\"><p><strong>Two of the most popular Skin Cleansing methods in a small powerful package!<\/strong><\/p>\n<p>Ditelle DUO is a compact and the quietest ultrasonic cleansing and diamond peeling device on the market for cosmetologists.<strong><br \/>\n<\/strong><\/p>\n<p><img loading=\"lazy\" decoding=\"async\" class=\"alignnone wp-image-4277 size-medium\" src=\"http:\/\/www.diter.com\/www\/wp-content\/uploads\/2019\/07\/Ditelle-Duo1-225x300.jpg\" alt=\"\" width=\"225\" height=\"300\" \/><\/p>\n<div dir=\"ltr\">\n<div>\n<div style=\"font-size: small; text-decoration: none; font-family: 'Calibri'; font-weight: normal; color: #000000; font-style: normal; display: inline;\">\n<div dir=\"ltr\">\n<div>\n<div>\n<div dir=\"ltr\">\n<div>\n<div>\n<div dir=\"ltr\">\n<div style=\"font-size: 10pt; font-family: 'Arial'; color: #000000;\">\n<div>Laitetta on \u00e4\u00e4rimm\u00e4isen helppo k\u00e4ytt\u00e4\u00e4. Ensin valitaan kumpaa puolta laitteesta halutaan hy\u00f6dynt\u00e4\u00e4, timanttikuorintaa vai ultra\u00e4\u00e4nt\u00e4.<br \/>\nSitten asetetaan halutut hoitoarvot asiakkaan mukaisesti. N\u00e4in voit toteuttaa jokaiselle asiakkaalle yksil\u00f6idyn hoidon, jok asopii juuri h\u00e4nen iholleen.<\/div>\n<div><\/div>\n<div>Nine different treatment heads and strong negative pressure can be used in diamond peeling. The device is the quietest on the market and is very small and light.<\/div>\n<div><\/div>\n<div>On the ultrasound side, the nurse can choose either a cleaning or an absorption function with the help of mechanical vibration caused by ultrasound crystals.<\/div>\n<div>Continuous or pulsed (25\/50\/100Hz) ultrasound can be selected for cleaning and suction. The intensity can be adjusted on a scale of 1-9.<\/div>\n<div>Laitteen hoitoaika on vapaasti valittavissa.<\/div>\n<div><\/div>\n<div>We are happy to organize a free device and product demonstration and provide further information either by e-mail or by phone.<\/div>\n<\/div>\n<div><img loading=\"lazy\" decoding=\"async\" class=\"alignnone wp-image-4276 size-medium\" src=\"http:\/\/www.diter.com\/www\/wp-content\/uploads\/2019\/07\/DiamondPeel-300x142.jpg\" alt=\"\" width=\"300\" height=\"142\" srcset=\"https:\/\/diter.com\/wp-content\/uploads\/2019\/07\/DiamondPeel-300x142.jpg 300w, https:\/\/diter.com\/wp-content\/uploads\/2019\/07\/DiamondPeel-600x284.jpg 600w, https:\/\/diter.com\/wp-content\/uploads\/2019\/07\/DiamondPeel-768x363.jpg 768w, https:\/\/diter.com\/wp-content\/uploads\/2019\/07\/DiamondPeel-1024x484.jpg 1024w, https:\/\/diter.com\/wp-content\/uploads\/2019\/07\/DiamondPeel.jpg 2200w\" sizes=\"auto, (max-width: 300px) 100vw, 300px\" \/><\/div>\n<\/div>\n<\/div>\n<\/div>\n<\/div>\n<\/div>\n<\/div>\n<\/div>\n<\/div>\n<\/div>\n<\/div>\n<hr \/>\n<\/div><\/div><\/div><div id=\"pgc-1926-0-1\"  class=\"panel-grid-cell\" ><div id=\"panel-1926-0-1-0\" class=\"so-panel widget widget_black-studio-tinymce widget_black_studio_tinymce panel-first-child panel-last-child\" data-index=\"1\" ><h3 class=\"widget-title\">Ditelle UPIi<\/h3><div class=\"textwidget\"><p><img loading=\"lazy\" decoding=\"async\" class=\"alignnone wp-image-1446 size-medium\" src=\"http:\/\/www.diter.com\/www\/wp-content\/uploads\/2016\/10\/UPIi-300x200.jpg\" alt=\"Ditelle Upi i on nyt saatavilla kauniin vaaleanpunaisena\" width=\"300\" height=\"200\" \/><\/p>\n<p><strong>Kotimainen Ditelle UPIi \u00a0on helppok\u00e4ytt\u00f6inen ja pienikokoinen ultra\u00e4\u00e4nipuhdistus ja iontoforeesilaite kosmetologien k\u00e4ytt\u00f6\u00f6n.<br \/>\n<\/strong><\/p>\n<p><img loading=\"lazy\" decoding=\"async\" class=\"alignnone wp-image-2175 size-medium\" src=\"http:\/\/www.diter.com\/www\/wp-content\/uploads\/2017\/07\/UPI-hoitokuva-300x450-200x300.jpg\" alt=\"\" width=\"200\" height=\"300\" srcset=\"https:\/\/diter.com\/wp-content\/uploads\/2017\/07\/UPI-hoitokuva-300x450-200x300.jpg 200w, https:\/\/diter.com\/wp-content\/uploads\/2017\/07\/UPI-hoitokuva-300x450.jpg 300w\" sizes=\"auto, (max-width: 200px) 100vw, 200px\" \/><\/p>\n<p><strong>Skin cell removal and superficial and deep exfoliation phase before mechanical cleansing of the face<br \/>\n<\/strong>Laitteella voidaan turvallisesti ja hell\u00e4varaisesti puhdistaa ja kuoria erilaisia ihotyyppej\u00e4 valitsemalla pulsoiva tai jatkuva ultra\u00e4\u00e4ni.<\/p>\n<p><strong>Transport of active substances to the skin<\/strong><br \/>\nKun hoitop\u00e4\u00e4n k\u00e4\u00e4nt\u00e4\u00e4, Ditelle UPIi -laiteella teet tehokkaita sonoforeesi- imeytyshoitoja, jossa voidaan k\u00e4ytt\u00e4\u00e4 my\u00f6s pulsoivaa tai jatkuvaa ultra\u00e4\u00e4nt\u00e4.<\/p>\n<p><strong>Iontoforeesi - hoitotuotteiden imeytys s\u00e4hk\u00f6virralla<\/strong><br \/>\nIontoforeesi on mahdollista tehd\u00e4 joko positiivisella tai\u00a0negatiivisella polariteetill\u00e4 hoitotuotteiden mukaisesti. Imeytyksen voi tehd\u00e4 hoitop\u00e4\u00e4n kanssa tai naamion avulla.<\/p>\n<hr \/>\n<\/div><\/div><\/div><div id=\"pgc-1926-0-2\"  class=\"panel-grid-cell\" ><div id=\"panel-1926-0-2-0\" class=\"so-panel widget widget_black-studio-tinymce widget_black_studio_tinymce panel-first-child panel-last-child\" data-index=\"2\" ><h3 class=\"widget-title\">Ditelle UPI<\/h3><div class=\"textwidget\"><p><img loading=\"lazy\" decoding=\"async\" class=\"alignnone wp-image-1450 size-medium\" src=\"http:\/\/www.diter.com\/www\/wp-content\/uploads\/2016\/10\/UPI-300x200-300x200.jpg\" alt=\"Ditelle UPI on saanut tyylikk\u00e4\u00e4n harmaan s\u00e4vyn\" width=\"300\" height=\"200\" \/><\/p>\n<p><strong>Kotimainen Ditelle UPI on helppok\u00e4ytt\u00f6inen ja kevyt ultra\u00e4\u00e4nipuhdistus ja iontoforeesilaite puhdistusnesteen annostelijalla.<br \/>\nLaitteessa on ainutlaatuinen ominaisuus, jonka avulla puhdistusneste annostellaan hoidon aikana suoraan hoitop\u00e4\u00e4h\u00e4n jalka-polkimen avulla.<\/strong><\/p>\n<p><strong>Skin cell removal and superficial and deep exfoliation phase before mechanical cleansing of the face<\/strong><br \/>\nLaitteella voidaan turvallisesti ja hell\u00e4varaisesti puhdistaa ja kuoria erilaisia ihotyyppej\u00e4 valitsemalla pulsoiva tai jatkuva ultra\u00e4\u00e4ni.<\/p>\n<p><figure id=\"attachment_1447\" class=\"thumbnail wp-caption alignnone\" style=\"width: 300px\"><img loading=\"lazy\" decoding=\"async\" class=\"wp-image-1447 size-medium\" src=\"http:\/\/www.diter.com\/www\/wp-content\/uploads\/2016\/10\/puhdistus-300x200.jpg\" alt=\"Ultra\u00e4\u00e4nipuhdistus\" width=\"300\" height=\"200\" \/><figcaption class=\"caption wp-caption-text\">Ultrasound cleansing<\/figcaption><\/figure><\/p>\n<p><strong><br \/>\nTransport of active substances to the skin<\/strong><br \/>\nMy\u00f6s sonoforeesissa (hoitotuotteiden imeytys ultra\u00e4\u00e4nell\u00e4) voidaan k\u00e4ytt\u00e4\u00e4 pulsoivaa tai jatkuvaa ultra\u00e4\u00e4nt\u00e4.<\/p>\n<p><strong>Iontoforeesi - hoitotuotteiden imeytys s\u00e4hk\u00f6virralla<\/strong><br \/>\nHoito on mahdollista tehd\u00e4 joko positiivisella tai negatiivisellapolariteetill\u00e4 hoitotuotteiden mukaisesti.<\/p>\n<p><figure id=\"attachment_1448\" class=\"thumbnail wp-caption alignnone\" style=\"width: 300px\"><img loading=\"lazy\" decoding=\"async\" class=\"wp-image-1448 size-medium\" src=\"http:\/\/www.diter.com\/www\/wp-content\/uploads\/2016\/10\/imeytys-300x200.jpg\" alt=\"Imeytys ultra\u00e4\u00e4nell\u00e4 ja-\/tai iontoforeesilla\" width=\"300\" height=\"200\" \/><figcaption class=\"caption wp-caption-text\"><em>Absorption with ultrasound and\/or iontophoresis<\/em><\/figcaption><\/figure><\/p>\n<\/div><\/div><\/div><div id=\"pgc-1926-0-3\"  class=\"panel-grid-cell\" ><div id=\"panel-1926-0-3-0\" class=\"so-panel widget widget_nav_menu panel-first-child panel-last-child\" data-index=\"3\" ><ul id=\"menu-kauneus\" class=\"menu\"><li  class=\"menu-item-167\"><a href=\"https:\/\/diter.com\/en\/laitteet\/kotimaiset_laitteet\/kauneudenhoito\/ultraaani_-_imeytys\/\"><span>Ultrasound - absorption<\/span><\/a><\/li>\n<li  class=\"menu-item-1527\"><a href=\"https:\/\/diter.com\/en\/laitteet\/kotimaiset_laitteet\/kauneudenhoito\/ultraaani_-_puhdistus\/\"><span>Ultrasound - cleansing<\/span><\/a><\/li>\n<li  class=\"menu-item-168\"><a href=\"https:\/\/diter.com\/en\/laitteet\/kotimaiset_laitteet\/kauneudenhoito\/yhdistelmalaitteet\/\"><span>Combination treatments<\/span><\/a><\/li>\n<li  class=\"menu-item-169\"><a href=\"https:\/\/diter.com\/en\/laitteet\/kotimaiset_laitteet\/kauneudenhoito\/laser\/\"><span>Soft Laser<\/span><\/a><\/li>\n<li  class=\"menu-item-171\"><a href=\"https:\/\/diter.com\/en\/laitteet\/kotimaiset_laitteet\/kauneudenhoito\/radiofrekvenssi\/\"><span>Radio frequency<\/span><\/a><\/li>\n<li  class=\"menu-item-175\"><a href=\"https:\/\/diter.com\/en\/laitteet\/kotimaiset_laitteet\/kauneudenhoito\/timanttikuorinta\/\"><span>Diamond peel<\/span><\/a><\/li>\n<li  class=\"menu-item-174\"><a href=\"https:\/\/diter.com\/en\/?page_id=93\"><span>Pigmentointi &#038; Mikroneulaus<\/span><\/a><\/li>\n<li  class=\"menu-item-170\"><a href=\"https:\/\/diter.com\/en\/laitteet\/kotimaiset_laitteet\/kauneudenhoito\/kavitaatio\/\"><span>Cavitation<\/span><\/a><\/li>\n<li  class=\"menu-item-176\"><a href=\"https:\/\/diter.com\/en\/laitteet\/kotimaiset_laitteet\/kauneudenhoito\/lymfa\/\"><span>Lymfahoidot<\/span><\/a><\/li>\n<li  class=\"menu-item-1620\"><a href=\"https:\/\/diter.com\/en\/bodysculptor\/\"><span>Vartalonmuokkaus<\/span><\/a><\/li>\n<li  class=\"menu-item-172\"><a href=\"https:\/\/diter.com\/en\/laitteet\/valoimpulssi_ja_anti-age\/\"><span>Valoimpulssilaitteet<\/span><\/a><\/li>\n<li  class=\"menu-item-1619\"><a href=\"https:\/\/diter.com\/en\/laitteet\/fysra-production\/\"><span>Hoitotuolit<\/span><\/a><\/li>\n<li  class=\"menu-item-3416\"><a href=\"https:\/\/diter.com\/en\/laitteet\/kotimaiset_laitteet\/kauneudenhoito\/ips\/\"><span>I.P.S. films<\/span><\/a><\/li>\n<\/ul><\/div><\/div><\/div><\/div>","protected":false},"excerpt":{"rendered":"<p>Two of the most popular skin cleansing methods in a small power package! The domestic Ditelle DUO is a quiet and compact ultrasonic cleaning and diamond peeling device for use by beauticians. The device is extremely easy to use. First, we choose which side of the device we want to use, diamond peeling or ultrasound. Then the desired treatment values are set according to the customer. Here's how you can\u2026 <a href=\"https:\/\/diter.com\/en\/ultraaani_-_puhdistus\/\">Continued<\/a><\/p>","protected":false},"author":2,"featured_media":0,"parent":0,"menu_order":1,"comment_status":"closed","ping_status":"closed","template":"page-fullwidth.php","meta":{"footnotes":""},"class_list":["post-1926","page","type-page","status-publish","hentry"],"_links":{"self":[{"href":"https:\/\/diter.com\/en\/wp-json\/wp\/v2\/pages\/1926","targetHints":{"allow":["GET"]}}],"collection":[{"href":"https:\/\/diter.com\/en\/wp-json\/wp\/v2\/pages"}],"about":[{"href":"https:\/\/diter.com\/en\/wp-json\/wp\/v2\/types\/page"}],"author":[{"embeddable":true,"href":"https:\/\/diter.com\/en\/wp-json\/wp\/v2\/users\/2"}],"replies":[{"embeddable":true,"href":"https:\/\/diter.com\/en\/wp-json\/wp\/v2\/comments?post=1926"}],"version-history":[{"count":30,"href":"https:\/\/diter.com\/en\/wp-json\/wp\/v2\/pages\/1926\/revisions"}],"predecessor-version":[{"id":4281,"href":"https:\/\/diter.com\/en\/wp-json\/wp\/v2\/pages\/1926\/revisions\/4281"}],"wp:attachment":[{"href":"https:\/\/diter.com\/en\/wp-json\/wp\/v2\/media?parent=1926"}],"curies":[{"name":"wp","href":"https:\/\/api.w.org\/{rel}","templated":true}]}}