{"id":1521,"date":"2016-10-12T19:08:29","date_gmt":"2016-10-12T16:08:29","guid":{"rendered":"http:\/\/www.diter.com\/www\/?page_id=1521"},"modified":"2022-12-07T14:07:06","modified_gmt":"2022-12-07T12:07:06","slug":"fysra-production","status":"publish","type":"page","link":"https:\/\/diter.com\/en\/laitteet\/fysra-production\/","title":{"rendered":"Fysra Oy"},"content":{"rendered":"<div id=\"pl-1521\"  class=\"panel-layout\" ><div id=\"pg-1521-0\"  class=\"panel-grid panel-no-style\" ><div id=\"pgc-1521-0-0\"  class=\"panel-grid-cell\" ><div id=\"panel-1521-0-0-0\" class=\"so-panel widget widget_black-studio-tinymce widget_black_studio_tinymce panel-first-child panel-last-child\" data-index=\"0\" ><h3 class=\"widget-title\">Fysra Beauty treatment chairs<\/h3><div class=\"textwidget\"><p style=\"color: #2c2b2b;\" class=\"translation-block\"><strong>Fysra<\/strong> treatment chairs are manufactured in Lahti, Finland.<\/p>\n<p style=\"color: #2c2b2b;\">Very high-quality and long-lasting chairs are excellently suitable for various cosmetology treatments and chairs are available in different colors.<\/p>\n<p style=\"color: #2c2b2b;\"><strong><img loading=\"lazy\" decoding=\"async\" class=\"alignnone wp-image-919 size-medium\" src=\"https:\/\/diter.com\/wp-content\/uploads\/2014\/07\/Beauty-273x300.jpg\" alt=\"Fysra Beauty 3E\" width=\"273\" height=\"300\" srcset=\"https:\/\/diter.com\/wp-content\/uploads\/2014\/07\/Beauty-273x300.jpg 273w, https:\/\/diter.com\/wp-content\/uploads\/2014\/07\/Beauty.jpg 436w\" sizes=\"auto, (max-width: 273px) 100vw, 273px\" \/><\/strong><\/p>\n<p style=\"color: #2c2b2b;\"><strong>Fysra Beauty 2E<\/strong><\/p>\n<p>height adjustment with motor<br \/>\nbackrest tilt adjustment with motor<br \/>\nstepless angle adjustment of the leg parts with a gas spring<br \/>\nadjustable leg extensions<br \/>\ntilt adjustment of the face part with a gas spring<br \/>\nheight-adjustable and side-turning armrests<br \/>\nas an accessory, separate hand supports for massage<\/p>\n<p><img loading=\"lazy\" decoding=\"async\" class=\"size-medium wp-image-1624 alignnone\" src=\"https:\/\/diter.com\/wp-content\/uploads\/2016\/10\/Fysra-Beauty-300x206.jpg\" alt=\"fysra-beauty\" width=\"300\" height=\"206\" \/><\/p>\n<p style=\"color: #2c2b2b;\"><strong>Fysra Beauty 3E<\/strong><\/p>\n<p>height adjustment with motor<br \/>\nbackrest tilt adjustment with motor<br \/>\nistuinosan kallistuksen s\u00e4\u00e4t\u00f6 moottorilla<br \/>\nstepless angle adjustment of the leg parts with a gas spring<br \/>\nadjustable leg extensions<br \/>\ntilt adjustment of the face part with a gas spring<br \/>\nheight-adjustable and side-turning armrests<br \/>\nas an accessory, separate hand supports for massage<\/p>\n<p style=\"color: #2c2b2b;\"><strong>Technical information<\/strong><\/p>\n<p style=\"color: #2c2b2b;\"><strong>Power supply<\/strong>: 220-240 V, 50-60 Hz, 2,4 A, P=510 W<\/p>\n<p style=\"color: #2c2b2b;\"><strong>Dimensions<\/strong>: Width (from the outer edges of the armrests) 82 cm, length (backrest horizontally) 190 cm<br \/>\nSeat height adjustment 58...94cm. The need for space in the longitudinal direction, when the backrest is horizontal at least 230 cm (the seat moves in front-back directions when adjusting the height)<\/p>\n<p style=\"color: #2c2b2b;\" class=\"translation-block\"><strong>Adjustment motor<\/strong>: Linear motors with a stroke length of 100 or 200 mm are used to adjust the height and adjust the levels to different positions. The lifting capacity is 2000-4000 N. The downward pulling force of the engine is 7000 N + the weight and load of the structures.<\/p>\n<p style=\"color: #2c2b2b;\" class=\"translation-block\"><strong>Protection class<\/strong>: The motors are dust- and splash-proof, IP55<\/p>\n<p style=\"color: #2c2b2b;\" class=\"translation-block\"><strong>Adjustment switches<\/strong>: The device can be equipped with a foot or hand switch or a mechanism where the switch is an adjustment element.<\/p>\n<p><em>FOR ADDITIONAL INFORMATION www.fysra.com<\/em><\/p>\n<\/div><\/div><\/div><\/div><\/div>","protected":false},"excerpt":{"rendered":"<p>Domestic Fysra nursing chairs are manufactured in Lahti. Very high-quality and long-lasting chairs are excellently suitable for various cosmetology treatments and chairs are available in different colors. Fysra Beauty 2E height adjustment with motor backrest tilt adjustment with motor stepless angle adjustment of leg parts with gas spring adjustable extensions of leg parts tilt adjustment of face part... <a href=\"https:\/\/diter.com\/en\/laitteet\/fysra-production\/\">Continued<\/a><\/p>","protected":false},"author":2,"featured_media":0,"parent":5447,"menu_order":2,"comment_status":"closed","ping_status":"closed","template":"page-fullwidth.php","meta":{"footnotes":""},"class_list":["post-1521","page","type-page","status-publish","hentry"],"_links":{"self":[{"href":"https:\/\/diter.com\/en\/wp-json\/wp\/v2\/pages\/1521","targetHints":{"allow":["GET"]}}],"collection":[{"href":"https:\/\/diter.com\/en\/wp-json\/wp\/v2\/pages"}],"about":[{"href":"https:\/\/diter.com\/en\/wp-json\/wp\/v2\/types\/page"}],"author":[{"embeddable":true,"href":"https:\/\/diter.com\/en\/wp-json\/wp\/v2\/users\/2"}],"replies":[{"embeddable":true,"href":"https:\/\/diter.com\/en\/wp-json\/wp\/v2\/comments?post=1521"}],"version-history":[{"count":7,"href":"https:\/\/diter.com\/en\/wp-json\/wp\/v2\/pages\/1521\/revisions"}],"predecessor-version":[{"id":5257,"href":"https:\/\/diter.com\/en\/wp-json\/wp\/v2\/pages\/1521\/revisions\/5257"}],"up":[{"embeddable":true,"href":"https:\/\/diter.com\/en\/wp-json\/wp\/v2\/pages\/5447"}],"wp:attachment":[{"href":"https:\/\/diter.com\/en\/wp-json\/wp\/v2\/media?parent=1521"}],"curies":[{"name":"wp","href":"https:\/\/api.w.org\/{rel}","templated":true}]}}